{"id":10351,"date":"2023-06-29T13:59:01","date_gmt":"2023-06-29T14:24:10","guid":{"rendered":"https:\/\/altrodesign.ca\/product\/bond-bridge-bd-1000\/"},"modified":"2023-06-29T14:24:10","modified_gmt":"2023-06-29T14:24:10","slug":"bond-bridge-bd-1000","status":"publish","type":"product","link":"https:\/\/altrodesign.ca\/fr\/produit\/bond-bridge-bd-1000\/","title":{"rendered":"Bond Bridge BD-1000"},"content":{"rendered":"<p>Ajoutez le Wi-Fi \u00e0 vos rideaux et stores motoris\u00e9s. Fonctionne avec Alexa, Google Home et via un smartphone gr\u00e2ce \u00e0 l&rsquo;application Bond Home.<\/p>\n","protected":false},"excerpt":{"rendered":"<p>Ajoutez le Wi-Fi \u00e0 vos rideaux et stores motoris\u00e9s. Fonctionne avec Alexa, Google Home et via un smartphone gr\u00e2ce \u00e0 l&rsquo;application Bond Home.<\/p>\n","protected":false},"featured_media":10347,"comment_status":"closed","ping_status":"closed","template":"","meta":[],"product_brand":[],"product_cat":[397,396,395,404,393,403,394],"product_tag":[],"class_list":{"0":"post-10351","1":"product","2":"type-product","3":"status-publish","4":"has-post-thumbnail","6":"product_cat-forest-28mm-mrs-1-1-8","7":"product_cat-forest-40mm-mrs-motorized-fr","8":"product_cat-forest-fms-motorized-fr","9":"product_cat-somfy-glydea-motorized-fr","10":"product_cat-somfy-28mm-h-rail-motorized-fr","11":"product_cat-somfy-40mm-h-rail-motorized-fr","12":"product_cat-motorized-roman-shade-fr","14":"first","15":"instock","16":"shipping-taxable","17":"product-type-simple"},"yoast_head":"<!-- This site is optimized with the Yoast SEO plugin v25.4 - https:\/\/yoast.com\/wordpress\/plugins\/seo\/ -->\n<title>Bond Bridge BD-1000 - Altro Design<\/title>\n<meta name=\"description\" content=\"Ajoutez le Wi-Fi \u00e0 vos rideaux et stores motoris\u00e9s. Fonctionne avec Alexa, Google Home, et peut \u00eatre contr\u00f4l\u00e9 via l&#039;application Bond Home.\" \/>\n<meta name=\"robots\" content=\"index, follow, max-snippet:-1, max-image-preview:large, max-video-preview:-1\" \/>\n<link rel=\"canonical\" href=\"https:\/\/altrodesign.ca\/fr\/produit\/bond-bridge-bd-1000\/\" \/>\n<meta property=\"og:locale\" content=\"fr_FR\" \/>\n<meta property=\"og:type\" content=\"article\" \/>\n<meta property=\"og:title\" content=\"Bond Bridge BD-1000 - Altro Design\" \/>\n<meta property=\"og:description\" content=\"Ajoutez le Wi-Fi \u00e0 vos rideaux et stores motoris\u00e9s. Fonctionne avec Alexa, Google Home, et peut \u00eatre contr\u00f4l\u00e9 via l&#039;application Bond Home.\" \/>\n<meta property=\"og:url\" content=\"https:\/\/altrodesign.ca\/fr\/produit\/bond-bridge-bd-1000\/\" \/>\n<meta property=\"og:site_name\" content=\"Altro Design\" \/>\n<meta property=\"article:publisher\" content=\"https:\/\/www.facebook.com\/Altrodesign\" \/>\n<meta property=\"og:image\" content=\"https:\/\/altrodesign.ca\/wp-content\/uploads\/2023\/06\/61iqJA-jApL._AC_UF10001000_QL80_.jpg\" \/>\n\t<meta property=\"og:image:width\" content=\"636\" \/>\n\t<meta property=\"og:image:height\" content=\"1000\" \/>\n\t<meta property=\"og:image:type\" content=\"image\/jpeg\" \/>\n<meta name=\"twitter:card\" content=\"summary_large_image\" \/>\n<script type=\"application\/ld+json\" class=\"yoast-schema-graph\">{\"@context\":\"https:\/\/schema.org\",\"@graph\":[{\"@type\":\"WebPage\",\"@id\":\"https:\/\/altrodesign.ca\/fr\/produit\/bond-bridge-bd-1000\/\",\"url\":\"https:\/\/altrodesign.ca\/fr\/produit\/bond-bridge-bd-1000\/\",\"name\":\"Bond Bridge BD-1000 - Altro Design\",\"isPartOf\":{\"@id\":\"https:\/\/altrodesign.ca\/fr\/#website\"},\"primaryImageOfPage\":{\"@id\":\"https:\/\/altrodesign.ca\/fr\/produit\/bond-bridge-bd-1000\/#primaryimage\"},\"image\":{\"@id\":\"https:\/\/altrodesign.ca\/fr\/produit\/bond-bridge-bd-1000\/#primaryimage\"},\"thumbnailUrl\":\"https:\/\/altrodesign.ca\/wp-content\/uploads\/2023\/06\/61iqJA-jApL._AC_UF10001000_QL80_.jpg\",\"datePublished\":\"2023-06-29T14:24:10+00:00\",\"description\":\"Ajoutez le Wi-Fi \u00e0 vos rideaux et stores motoris\u00e9s. Fonctionne avec Alexa, Google Home, et peut \u00eatre contr\u00f4l\u00e9 via l'application Bond Home.\",\"breadcrumb\":{\"@id\":\"https:\/\/altrodesign.ca\/fr\/produit\/bond-bridge-bd-1000\/#breadcrumb\"},\"inLanguage\":\"fr-FR\",\"potentialAction\":[{\"@type\":\"ReadAction\",\"target\":[\"https:\/\/altrodesign.ca\/fr\/produit\/bond-bridge-bd-1000\/\"]}]},{\"@type\":\"ImageObject\",\"inLanguage\":\"fr-FR\",\"@id\":\"https:\/\/altrodesign.ca\/fr\/produit\/bond-bridge-bd-1000\/#primaryimage\",\"url\":\"https:\/\/altrodesign.ca\/wp-content\/uploads\/2023\/06\/61iqJA-jApL._AC_UF10001000_QL80_.jpg\",\"contentUrl\":\"https:\/\/altrodesign.ca\/wp-content\/uploads\/2023\/06\/61iqJA-jApL._AC_UF10001000_QL80_.jpg\",\"width\":636,\"height\":1000},{\"@type\":\"BreadcrumbList\",\"@id\":\"https:\/\/altrodesign.ca\/fr\/produit\/bond-bridge-bd-1000\/#breadcrumb\",\"itemListElement\":[{\"@type\":\"ListItem\",\"position\":1,\"name\":\"Home\",\"item\":\"https:\/\/altrodesign.ca\/fr\/\"},{\"@type\":\"ListItem\",\"position\":2,\"name\":\"Shop\",\"item\":\"https:\/\/altrodesign.ca\/fr\/shop\/\"},{\"@type\":\"ListItem\",\"position\":3,\"name\":\"Bond Bridge BD-1000\"}]},{\"@type\":\"WebSite\",\"@id\":\"https:\/\/altrodesign.ca\/fr\/#website\",\"url\":\"https:\/\/altrodesign.ca\/fr\/\",\"name\":\"Altro Design\",\"description\":\"Altro Design drapery hardware wholesaler\",\"publisher\":{\"@id\":\"https:\/\/altrodesign.ca\/fr\/#organization\"},\"potentialAction\":[{\"@type\":\"SearchAction\",\"target\":{\"@type\":\"EntryPoint\",\"urlTemplate\":\"https:\/\/altrodesign.ca\/fr\/?s={search_term_string}\"},\"query-input\":{\"@type\":\"PropertyValueSpecification\",\"valueRequired\":true,\"valueName\":\"search_term_string\"}}],\"inLanguage\":\"fr-FR\"},{\"@type\":\"Organization\",\"@id\":\"https:\/\/altrodesign.ca\/fr\/#organization\",\"name\":\"Altro Designs\",\"url\":\"https:\/\/altrodesign.ca\/fr\/\",\"logo\":{\"@type\":\"ImageObject\",\"inLanguage\":\"fr-FR\",\"@id\":\"https:\/\/altrodesign.ca\/fr\/#\/schema\/logo\/image\/\",\"url\":\"https:\/\/altrodesign.ca\/wp-content\/uploads\/2022\/03\/logo-v2-removebg-preview.png\",\"contentUrl\":\"https:\/\/altrodesign.ca\/wp-content\/uploads\/2022\/03\/logo-v2-removebg-preview.png\",\"width\":289,\"height\":162,\"caption\":\"Altro Designs\"},\"image\":{\"@id\":\"https:\/\/altrodesign.ca\/fr\/#\/schema\/logo\/image\/\"},\"sameAs\":[\"https:\/\/www.facebook.com\/Altrodesign\",\"https:\/\/www.youtube.com\/channel\/UC7__sQ_DwpFbRYPJf3g2blQ\",\"https:\/\/www.instagram.com\/altrodesigninc\/\"]}]}<\/script>\n<!-- \/ Yoast SEO plugin. -->","yoast_head_json":{"title":"Bond Bridge BD-1000 - Altro Design","description":"Ajoutez le Wi-Fi \u00e0 vos rideaux et stores motoris\u00e9s. Fonctionne avec Alexa, Google Home, et peut \u00eatre contr\u00f4l\u00e9 via l'application Bond Home.","robots":{"index":"index","follow":"follow","max-snippet":"max-snippet:-1","max-image-preview":"max-image-preview:large","max-video-preview":"max-video-preview:-1"},"canonical":"https:\/\/altrodesign.ca\/fr\/produit\/bond-bridge-bd-1000\/","og_locale":"fr_FR","og_type":"article","og_title":"Bond Bridge BD-1000 - Altro Design","og_description":"Ajoutez le Wi-Fi \u00e0 vos rideaux et stores motoris\u00e9s. Fonctionne avec Alexa, Google Home, et peut \u00eatre contr\u00f4l\u00e9 via l'application Bond Home.","og_url":"https:\/\/altrodesign.ca\/fr\/produit\/bond-bridge-bd-1000\/","og_site_name":"Altro Design","article_publisher":"https:\/\/www.facebook.com\/Altrodesign","og_image":[{"width":636,"height":1000,"url":"https:\/\/altrodesign.ca\/wp-content\/uploads\/2023\/06\/61iqJA-jApL._AC_UF10001000_QL80_.jpg","type":"image\/jpeg"}],"twitter_card":"summary_large_image","schema":{"@context":"https:\/\/schema.org","@graph":[{"@type":"WebPage","@id":"https:\/\/altrodesign.ca\/fr\/produit\/bond-bridge-bd-1000\/","url":"https:\/\/altrodesign.ca\/fr\/produit\/bond-bridge-bd-1000\/","name":"Bond Bridge BD-1000 - Altro Design","isPartOf":{"@id":"https:\/\/altrodesign.ca\/fr\/#website"},"primaryImageOfPage":{"@id":"https:\/\/altrodesign.ca\/fr\/produit\/bond-bridge-bd-1000\/#primaryimage"},"image":{"@id":"https:\/\/altrodesign.ca\/fr\/produit\/bond-bridge-bd-1000\/#primaryimage"},"thumbnailUrl":"https:\/\/altrodesign.ca\/wp-content\/uploads\/2023\/06\/61iqJA-jApL._AC_UF10001000_QL80_.jpg","datePublished":"2023-06-29T14:24:10+00:00","description":"Ajoutez le Wi-Fi \u00e0 vos rideaux et stores motoris\u00e9s. Fonctionne avec Alexa, Google Home, et peut \u00eatre contr\u00f4l\u00e9 via l'application Bond Home.","breadcrumb":{"@id":"https:\/\/altrodesign.ca\/fr\/produit\/bond-bridge-bd-1000\/#breadcrumb"},"inLanguage":"fr-FR","potentialAction":[{"@type":"ReadAction","target":["https:\/\/altrodesign.ca\/fr\/produit\/bond-bridge-bd-1000\/"]}]},{"@type":"ImageObject","inLanguage":"fr-FR","@id":"https:\/\/altrodesign.ca\/fr\/produit\/bond-bridge-bd-1000\/#primaryimage","url":"https:\/\/altrodesign.ca\/wp-content\/uploads\/2023\/06\/61iqJA-jApL._AC_UF10001000_QL80_.jpg","contentUrl":"https:\/\/altrodesign.ca\/wp-content\/uploads\/2023\/06\/61iqJA-jApL._AC_UF10001000_QL80_.jpg","width":636,"height":1000},{"@type":"BreadcrumbList","@id":"https:\/\/altrodesign.ca\/fr\/produit\/bond-bridge-bd-1000\/#breadcrumb","itemListElement":[{"@type":"ListItem","position":1,"name":"Home","item":"https:\/\/altrodesign.ca\/fr\/"},{"@type":"ListItem","position":2,"name":"Shop","item":"https:\/\/altrodesign.ca\/fr\/shop\/"},{"@type":"ListItem","position":3,"name":"Bond Bridge BD-1000"}]},{"@type":"WebSite","@id":"https:\/\/altrodesign.ca\/fr\/#website","url":"https:\/\/altrodesign.ca\/fr\/","name":"Altro Design","description":"Altro Design drapery hardware wholesaler","publisher":{"@id":"https:\/\/altrodesign.ca\/fr\/#organization"},"potentialAction":[{"@type":"SearchAction","target":{"@type":"EntryPoint","urlTemplate":"https:\/\/altrodesign.ca\/fr\/?s={search_term_string}"},"query-input":{"@type":"PropertyValueSpecification","valueRequired":true,"valueName":"search_term_string"}}],"inLanguage":"fr-FR"},{"@type":"Organization","@id":"https:\/\/altrodesign.ca\/fr\/#organization","name":"Altro Designs","url":"https:\/\/altrodesign.ca\/fr\/","logo":{"@type":"ImageObject","inLanguage":"fr-FR","@id":"https:\/\/altrodesign.ca\/fr\/#\/schema\/logo\/image\/","url":"https:\/\/altrodesign.ca\/wp-content\/uploads\/2022\/03\/logo-v2-removebg-preview.png","contentUrl":"https:\/\/altrodesign.ca\/wp-content\/uploads\/2022\/03\/logo-v2-removebg-preview.png","width":289,"height":162,"caption":"Altro Designs"},"image":{"@id":"https:\/\/altrodesign.ca\/fr\/#\/schema\/logo\/image\/"},"sameAs":["https:\/\/www.facebook.com\/Altrodesign","https:\/\/www.youtube.com\/channel\/UC7__sQ_DwpFbRYPJf3g2blQ","https:\/\/www.instagram.com\/altrodesigninc\/"]}]}},"_links":{"self":[{"href":"https:\/\/altrodesign.ca\/fr\/wp-json\/wp\/v2\/product\/10351","targetHints":{"allow":["GET"]}}],"collection":[{"href":"https:\/\/altrodesign.ca\/fr\/wp-json\/wp\/v2\/product"}],"about":[{"href":"https:\/\/altrodesign.ca\/fr\/wp-json\/wp\/v2\/types\/product"}],"replies":[{"embeddable":true,"href":"https:\/\/altrodesign.ca\/fr\/wp-json\/wp\/v2\/comments?post=10351"}],"wp:featuredmedia":[{"embeddable":true,"href":"https:\/\/altrodesign.ca\/fr\/wp-json\/wp\/v2\/media\/10347"}],"wp:attachment":[{"href":"https:\/\/altrodesign.ca\/fr\/wp-json\/wp\/v2\/media?parent=10351"}],"wp:term":[{"taxonomy":"product_brand","embeddable":true,"href":"https:\/\/altrodesign.ca\/fr\/wp-json\/wp\/v2\/product_brand?post=10351"},{"taxonomy":"product_cat","embeddable":true,"href":"https:\/\/altrodesign.ca\/fr\/wp-json\/wp\/v2\/product_cat?post=10351"},{"taxonomy":"product_tag","embeddable":true,"href":"https:\/\/altrodesign.ca\/fr\/wp-json\/wp\/v2\/product_tag?post=10351"}],"curies":[{"name":"wp","href":"https:\/\/api.w.org\/{rel}","templated":true}]}}