{"id":497,"date":"2021-06-15T16:42:59","date_gmt":"2021-06-15T16:42:59","guid":{"rendered":"https:\/\/altrodesign.ca\/medic-track\/"},"modified":"2022-03-22T18:49:28","modified_gmt":"2022-03-22T18:49:28","slug":"medic-track","status":"publish","type":"page","link":"https:\/\/altrodesign.ca\/fr\/medic-track\/","title":{"rendered":"Medic Track"},"content":{"rendered":"<div class=\"fusion-fullwidth fullwidth-box fusion-builder-row-1 fusion-flex-container nonhundred-percent-fullwidth non-hundred-percent-height-scrolling\" style=\"background-color: rgba(255,255,255,0);background-position: center center;background-repeat: no-repeat;border-width: 0px 0px 0px 0px;border-color:#e2e2e2;border-style:solid;\" ><div class=\"fusion-builder-row fusion-row fusion-flex-align-items-flex-start\" style=\"max-width:1248px;margin-left: calc(-4% \/ 2 );margin-right: calc(-4% \/ 2 );\"><div class=\"fusion-layout-column fusion_builder_column fusion-builder-column-0 fusion_builder_column_1_1 1_1 fusion-flex-column\"><div class=\"fusion-column-wrapper fusion-flex-justify-content-flex-start fusion-content-layout-column\" style=\"background-position:left top;background-repeat:no-repeat;-webkit-background-size:cover;-moz-background-size:cover;-o-background-size:cover;background-size:cover;padding: 0px 0px 0px 0px;\"><div class=\"fusion-text fusion-text-1\"><h5><img decoding=\"async\" class=\"alignleft wp-image-4611 size-fusion-600\" src=\"https:\/\/altrodesign.ca\/wp-content\/uploads\/2022\/01\/MEDIC-TRACK-COLLECTION-600x292.png\" alt=\"\" width=\"600\" height=\"292\" srcset=\"https:\/\/altrodesign.ca\/wp-content\/uploads\/2022\/01\/MEDIC-TRACK-COLLECTION-200x97.png 200w, https:\/\/altrodesign.ca\/wp-content\/uploads\/2022\/01\/MEDIC-TRACK-COLLECTION-300x146.png 300w, https:\/\/altrodesign.ca\/wp-content\/uploads\/2022\/01\/MEDIC-TRACK-COLLECTION-400x194.png 400w, https:\/\/altrodesign.ca\/wp-content\/uploads\/2022\/01\/MEDIC-TRACK-COLLECTION-500x243.png 500w, https:\/\/altrodesign.ca\/wp-content\/uploads\/2022\/01\/MEDIC-TRACK-COLLECTION-600x292.png 600w, https:\/\/altrodesign.ca\/wp-content\/uploads\/2022\/01\/MEDIC-TRACK-COLLECTION-700x340.png 700w, https:\/\/altrodesign.ca\/wp-content\/uploads\/2022\/01\/MEDIC-TRACK-COLLECTION-768x373.png 768w, https:\/\/altrodesign.ca\/wp-content\/uploads\/2022\/01\/MEDIC-TRACK-COLLECTION-800x389.png 800w, https:\/\/altrodesign.ca\/wp-content\/uploads\/2022\/01\/MEDIC-TRACK-COLLECTION.png 862w\" sizes=\"(max-width: 600px) 100vw, 600px\" \/><\/h5>\n<h2>Rail Medic<\/h2>\n<p>La collection Rail Medic d&rsquo;Altro Design comprend des mat\u00e9riaux de la plus haute qualit\u00e9 pour garantir que les produits finaux sont tout aussi solides. Chaque aspect du processus d&rsquo;ing\u00e9nierie et de fabrication se concentre sur la cr\u00e9ation de rails fiables et solides pouvant r\u00e9sister \u00e0 une utilisation intensive.<\/p>\n<p>Fabriqu\u00e9e au Canada, cette gamme de produits tient compte de l&rsquo;usure et de l&rsquo;utilisation constante des rails m\u00e9dicaux. C&rsquo;est pourquoi l&rsquo;accent est mis sur la r\u00e9sistance et la durabilit\u00e9.<\/p>\n<p>Le syst\u00e8me Rail Medic se targue d&rsquo;\u00eatre la r\u00e9f\u00e9rence de l&rsquo;industrie en mati\u00e8re de fiabilit\u00e9. C&rsquo;est le choix pr\u00e9f\u00e9r\u00e9 des intuitions m\u00e9dicales de tous types telles que les h\u00f4pitaux, les cliniques, les centres de r\u00e9adaptation et bien s\u00fbr les cabinets de m\u00e9decins. Ces installations s&rsquo;appuient sur les rails pour garantir que les rideaux peuvent se d\u00e9placer en douceur \u00e0 la demande, garantissant ainsi l&rsquo;intimit\u00e9 du patient \u00e0 tout moment.<\/p>\n<h5>Fait sur mesure<\/h5>\n<p>Le syst\u00e8me complet Rail Medic est con\u00e7u sur mesure pour r\u00e9pondre aux besoins de votre \u00e9tablissement. Si vous le pr\u00e9f\u00e9rez, vous pouvez choisir un syst\u00e8me fabriqu\u00e9 en une seule pi\u00e8ce ou en plusieurs morceaux. Opter pour une pi\u00e8ce augmente la durabilit\u00e9 et la l\u00e9g\u00e8ret\u00e9, car il y a moins d\u2019assemblages. En revanche, la division des rails en morceaux plus petits rend le transport beaucoup plus facile. <a href=\"https:\/\/altrodesign.ca\/fr\/contactez-nous\/\">Contactez-nous<\/a> pour plus d&rsquo;informations sur la personnalisation dont vous avez besoin.<\/p>\n<h5>Tous les composants dont vous avez besoin<\/h5>\n<p>En plus de l&rsquo;option de produits Rail Medic sur mesure, vous pouvez \u00e9galement trouver la s\u00e9lection compl\u00e8te de composants individuels, y compris la quincaillerie. Cela simplifie toute maintenance ou modification future, car vous pouvez commander les pi\u00e8ces exactes dont vous avez besoin.<\/p>\n<p>Vous trouverez des rails en aluminium, des supports avec ou sans crochets, des capouchons d&rsquo;extr\u00e9mit\u00e9 avec ou sans portes, des joints, des supports muraux, des poteaux de suspension, des inserts de poteaux de suspension, des tubes, des brides de plafond, des chariots detachables, les mailles de 24 pouces et les rails de 2 pieds par 2 pieds pli\u00e9s \u00e0 45 ou 90 degr\u00e9s. Le rail peut \u00e9galement \u00eatre pli\u00e9 ou courb\u00e9 selon vos besoins.<\/p>\n<h5>Un focus sur la fonction<\/h5>\n<p>Alors que bon nombre de nos autres gammes de produits sont disponibles dans de nombreuses couleurs et styles, le rail Rail Medic lui-m\u00eame est disponible dans une finition anodis\u00e9e et les accessoires sont principalement disponibles dans une seule couleur. Cela vient de l&rsquo;accent mis sur la fonction et du fait que la plupart des \u00e9tablissements m\u00e9dicaux pr\u00e9f\u00e8rent une apparence similaire pour leurs composants. La finition en m\u00e9tal devrait bien fonctionner dans n&rsquo;importe quel environnement, car elle donne un aspect professionnel et est neutre pour fonctionner avec une gamme de d\u00e9cors int\u00e9rieurs.<\/p>\n<h5>Pour plus que des installations m\u00e9dicales<\/h5>\n<p>Bien que la gamme Rail Medic soit con\u00e7ue sp\u00e9cifiquement pour les \u00e9tablissements m\u00e9dicaux, les produits fonctionnent bien dans toutes les situations o\u00f9 la fonctionnalit\u00e9 est cruciale. Tout b\u00e2timent n\u00e9cessitant des rails et du mat\u00e9riel robustes pour simplifier la division d&rsquo;un espace en plusieurs parties peut b\u00e9n\u00e9ficier de ce type de syst\u00e8me, comme les bureaux et les cabines d&rsquo;essayage dans les d\u00e9taillants. La nature durable de ces rails les rend particuli\u00e8rement attrayants pour toute situation o\u00f9 les rideaux sont ouverts et ferm\u00e9s plusieurs fois par jour.<\/p>\n<h5>Contactez-nous pour obtenir de l&rsquo;aide<\/h5>\n<p>Alors que vous examinez notre collection Rail Medic, n&rsquo;h\u00e9sitez pas \u00e0 contacter notre \u00e9quipe d&rsquo;Altro Design. Nous nous ferons un plaisir de vous expliquer plus en d\u00e9tail les diff\u00e9rents composants et de vous aider \u00e0 d\u00e9cider des pi\u00e8ces dont vous avez besoin pour r\u00e9aliser votre projet. Les plus de 40 ans d&rsquo;exp\u00e9rience de notre \u00e9quipe dans l&rsquo;industrie nous donnent l&rsquo;expertise pour vous aider \u00e0 choisir les bons produits.<\/p>\n<\/div><div class=\"fusion-separator fusion-full-width-sep\" style=\"align-self: center;margin-left: auto;margin-right: auto;margin-top:10px;margin-bottom:10px;width:100%;\"><\/div><div class=\"woocommerce columns-4\"><ul class=\"products clearfix products-4\">\n<li class=\"product-category product first product-grid-view\">\n\t<div class=\"fusion-product-wrapper\">\n<a aria-label=\"Visit product category Medic Track\" href=\"https:\/\/altrodesign.ca\/fr\/categorie-produit\/medic-track-fr\/\"><img decoding=\"async\" src=\"https:\/\/altrodesign.ca\/wp-content\/uploads\/2022\/01\/MEDIC-TRACK-COLLECTION-500x243.png\" alt=\"Medic Track\" width=\"500\" height=\"\" srcset=\"https:\/\/altrodesign.ca\/wp-content\/uploads\/2022\/01\/MEDIC-TRACK-COLLECTION-200x97.png 200w, https:\/\/altrodesign.ca\/wp-content\/uploads\/2022\/01\/MEDIC-TRACK-COLLECTION-300x146.png 300w, https:\/\/altrodesign.ca\/wp-content\/uploads\/2022\/01\/MEDIC-TRACK-COLLECTION-400x194.png 400w, https:\/\/altrodesign.ca\/wp-content\/uploads\/2022\/01\/MEDIC-TRACK-COLLECTION-500x243.png 500w, https:\/\/altrodesign.ca\/wp-content\/uploads\/2022\/01\/MEDIC-TRACK-COLLECTION-600x292.png 600w, https:\/\/altrodesign.ca\/wp-content\/uploads\/2022\/01\/MEDIC-TRACK-COLLECTION-700x340.png 700w, https:\/\/altrodesign.ca\/wp-content\/uploads\/2022\/01\/MEDIC-TRACK-COLLECTION-768x373.png 768w, https:\/\/altrodesign.ca\/wp-content\/uploads\/2022\/01\/MEDIC-TRACK-COLLECTION-800x389.png 800w, https:\/\/altrodesign.ca\/wp-content\/uploads\/2022\/01\/MEDIC-TRACK-COLLECTION.png 862w\" sizes=\"(max-width: 500px) 100vw, 500px\" \/>\t\t<h2 class=\"woocommerce-loop-category__title\">\n\t\t\tMedic Track <mark class=\"count\">(16)<\/mark>\t\t<\/h2>\n\t\t<\/a><\/div>\n<\/li>\n<\/ul>\n<\/div><\/div><style type=\"text\/css\">.fusion-body .fusion-builder-column-0{width:100% !important;margin-top : 0px;margin-bottom : 0px;}.fusion-builder-column-0 > .fusion-column-wrapper {padding-top : 0px !important;padding-right : 0px !important;margin-right : 1.92%;padding-bottom : 0px !important;padding-left : 0px !important;margin-left : 1.92%;}@media only screen and (max-width:1024px) {.fusion-body .fusion-builder-column-0{width:100% !important;}.fusion-builder-column-0 > .fusion-column-wrapper {margin-right : 1.92%;margin-left : 1.92%;}}@media only screen and (max-width:768px) {.fusion-body .fusion-builder-column-0{width:100% !important;}.fusion-builder-column-0 > .fusion-column-wrapper {margin-right : 1.92%;margin-left : 1.92%;}}<\/style><\/div><\/div><style type=\"text\/css\">.fusion-body .fusion-flex-container.fusion-builder-row-1{ padding-top : 0px;margin-top : 0px;padding-right : 0px;padding-bottom : 0px;margin-bottom : 0px;padding-left : 0px;}<\/style><\/div>\n","protected":false},"excerpt":{"rendered":"","protected":false},"author":2,"featured_media":0,"parent":0,"menu_order":0,"comment_status":"closed","ping_status":"closed","template":"","meta":{"footnotes":""},"class_list":["post-497","page","type-page","status-publish","hentry"],"yoast_head":"<!-- This site is optimized with the Yoast SEO plugin v25.4 - https:\/\/yoast.com\/wordpress\/plugins\/seo\/ -->\n<title>Medic Track - Altro Design<\/title>\n<meta name=\"robots\" content=\"index, follow, max-snippet:-1, max-image-preview:large, max-video-preview:-1\" \/>\n<link rel=\"canonical\" href=\"https:\/\/altrodesign.ca\/fr\/medic-track\/\" \/>\n<meta property=\"og:locale\" content=\"fr_FR\" \/>\n<meta property=\"og:type\" content=\"article\" \/>\n<meta property=\"og:title\" content=\"Medic Track - Altro Design\" \/>\n<meta property=\"og:url\" content=\"https:\/\/altrodesign.ca\/fr\/medic-track\/\" \/>\n<meta property=\"og:site_name\" content=\"Altro Design\" \/>\n<meta property=\"article:publisher\" content=\"https:\/\/www.facebook.com\/Altrodesign\" \/>\n<meta property=\"article:modified_time\" content=\"2022-03-22T18:49:28+00:00\" \/>\n<meta property=\"og:image\" content=\"https:\/\/altrodesign.ca\/wp-content\/uploads\/2022\/01\/MEDIC-TRACK-COLLECTION-600x292.png\" \/>\n<meta name=\"twitter:card\" content=\"summary_large_image\" \/>\n<meta name=\"twitter:label1\" content=\"Est. reading time\" \/>\n\t<meta name=\"twitter:data1\" content=\"5 minutes\" \/>\n<script type=\"application\/ld+json\" class=\"yoast-schema-graph\">{\"@context\":\"https:\/\/schema.org\",\"@graph\":[{\"@type\":\"WebPage\",\"@id\":\"https:\/\/altrodesign.ca\/fr\/medic-track\/\",\"url\":\"https:\/\/altrodesign.ca\/fr\/medic-track\/\",\"name\":\"Medic Track - Altro Design\",\"isPartOf\":{\"@id\":\"https:\/\/altrodesign.ca\/fr\/#website\"},\"primaryImageOfPage\":{\"@id\":\"https:\/\/altrodesign.ca\/fr\/medic-track\/#primaryimage\"},\"image\":{\"@id\":\"https:\/\/altrodesign.ca\/fr\/medic-track\/#primaryimage\"},\"thumbnailUrl\":\"https:\/\/altrodesign.ca\/wp-content\/uploads\/2022\/01\/MEDIC-TRACK-COLLECTION-600x292.png\",\"datePublished\":\"2021-06-15T16:42:59+00:00\",\"dateModified\":\"2022-03-22T18:49:28+00:00\",\"breadcrumb\":{\"@id\":\"https:\/\/altrodesign.ca\/fr\/medic-track\/#breadcrumb\"},\"inLanguage\":\"fr-FR\",\"potentialAction\":[{\"@type\":\"ReadAction\",\"target\":[\"https:\/\/altrodesign.ca\/fr\/medic-track\/\"]}]},{\"@type\":\"ImageObject\",\"inLanguage\":\"fr-FR\",\"@id\":\"https:\/\/altrodesign.ca\/fr\/medic-track\/#primaryimage\",\"url\":\"https:\/\/altrodesign.ca\/wp-content\/uploads\/2022\/01\/MEDIC-TRACK-COLLECTION-600x292.png\",\"contentUrl\":\"https:\/\/altrodesign.ca\/wp-content\/uploads\/2022\/01\/MEDIC-TRACK-COLLECTION-600x292.png\"},{\"@type\":\"BreadcrumbList\",\"@id\":\"https:\/\/altrodesign.ca\/fr\/medic-track\/#breadcrumb\",\"itemListElement\":[{\"@type\":\"ListItem\",\"position\":1,\"name\":\"Home\",\"item\":\"https:\/\/altrodesign.ca\/fr\/\"},{\"@type\":\"ListItem\",\"position\":2,\"name\":\"Medic Track\"}]},{\"@type\":\"WebSite\",\"@id\":\"https:\/\/altrodesign.ca\/fr\/#website\",\"url\":\"https:\/\/altrodesign.ca\/fr\/\",\"name\":\"Altro Design\",\"description\":\"Altro Design drapery hardware wholesaler\",\"publisher\":{\"@id\":\"https:\/\/altrodesign.ca\/fr\/#organization\"},\"potentialAction\":[{\"@type\":\"SearchAction\",\"target\":{\"@type\":\"EntryPoint\",\"urlTemplate\":\"https:\/\/altrodesign.ca\/fr\/?s={search_term_string}\"},\"query-input\":{\"@type\":\"PropertyValueSpecification\",\"valueRequired\":true,\"valueName\":\"search_term_string\"}}],\"inLanguage\":\"fr-FR\"},{\"@type\":\"Organization\",\"@id\":\"https:\/\/altrodesign.ca\/fr\/#organization\",\"name\":\"Altro Designs\",\"url\":\"https:\/\/altrodesign.ca\/fr\/\",\"logo\":{\"@type\":\"ImageObject\",\"inLanguage\":\"fr-FR\",\"@id\":\"https:\/\/altrodesign.ca\/fr\/#\/schema\/logo\/image\/\",\"url\":\"https:\/\/altrodesign.ca\/wp-content\/uploads\/2022\/03\/logo-v2-removebg-preview.png\",\"contentUrl\":\"https:\/\/altrodesign.ca\/wp-content\/uploads\/2022\/03\/logo-v2-removebg-preview.png\",\"width\":289,\"height\":162,\"caption\":\"Altro Designs\"},\"image\":{\"@id\":\"https:\/\/altrodesign.ca\/fr\/#\/schema\/logo\/image\/\"},\"sameAs\":[\"https:\/\/www.facebook.com\/Altrodesign\",\"https:\/\/www.youtube.com\/channel\/UC7__sQ_DwpFbRYPJf3g2blQ\",\"https:\/\/www.instagram.com\/altrodesigninc\/\"]}]}<\/script>\n<!-- \/ Yoast SEO plugin. -->","yoast_head_json":{"title":"Medic Track - Altro Design","robots":{"index":"index","follow":"follow","max-snippet":"max-snippet:-1","max-image-preview":"max-image-preview:large","max-video-preview":"max-video-preview:-1"},"canonical":"https:\/\/altrodesign.ca\/fr\/medic-track\/","og_locale":"fr_FR","og_type":"article","og_title":"Medic Track - Altro Design","og_url":"https:\/\/altrodesign.ca\/fr\/medic-track\/","og_site_name":"Altro Design","article_publisher":"https:\/\/www.facebook.com\/Altrodesign","article_modified_time":"2022-03-22T18:49:28+00:00","og_image":[{"url":"https:\/\/altrodesign.ca\/wp-content\/uploads\/2022\/01\/MEDIC-TRACK-COLLECTION-600x292.png","type":"","width":"","height":""}],"twitter_card":"summary_large_image","twitter_misc":{"Est. reading time":"5 minutes"},"schema":{"@context":"https:\/\/schema.org","@graph":[{"@type":"WebPage","@id":"https:\/\/altrodesign.ca\/fr\/medic-track\/","url":"https:\/\/altrodesign.ca\/fr\/medic-track\/","name":"Medic Track - Altro Design","isPartOf":{"@id":"https:\/\/altrodesign.ca\/fr\/#website"},"primaryImageOfPage":{"@id":"https:\/\/altrodesign.ca\/fr\/medic-track\/#primaryimage"},"image":{"@id":"https:\/\/altrodesign.ca\/fr\/medic-track\/#primaryimage"},"thumbnailUrl":"https:\/\/altrodesign.ca\/wp-content\/uploads\/2022\/01\/MEDIC-TRACK-COLLECTION-600x292.png","datePublished":"2021-06-15T16:42:59+00:00","dateModified":"2022-03-22T18:49:28+00:00","breadcrumb":{"@id":"https:\/\/altrodesign.ca\/fr\/medic-track\/#breadcrumb"},"inLanguage":"fr-FR","potentialAction":[{"@type":"ReadAction","target":["https:\/\/altrodesign.ca\/fr\/medic-track\/"]}]},{"@type":"ImageObject","inLanguage":"fr-FR","@id":"https:\/\/altrodesign.ca\/fr\/medic-track\/#primaryimage","url":"https:\/\/altrodesign.ca\/wp-content\/uploads\/2022\/01\/MEDIC-TRACK-COLLECTION-600x292.png","contentUrl":"https:\/\/altrodesign.ca\/wp-content\/uploads\/2022\/01\/MEDIC-TRACK-COLLECTION-600x292.png"},{"@type":"BreadcrumbList","@id":"https:\/\/altrodesign.ca\/fr\/medic-track\/#breadcrumb","itemListElement":[{"@type":"ListItem","position":1,"name":"Home","item":"https:\/\/altrodesign.ca\/fr\/"},{"@type":"ListItem","position":2,"name":"Medic Track"}]},{"@type":"WebSite","@id":"https:\/\/altrodesign.ca\/fr\/#website","url":"https:\/\/altrodesign.ca\/fr\/","name":"Altro Design","description":"Altro Design drapery hardware wholesaler","publisher":{"@id":"https:\/\/altrodesign.ca\/fr\/#organization"},"potentialAction":[{"@type":"SearchAction","target":{"@type":"EntryPoint","urlTemplate":"https:\/\/altrodesign.ca\/fr\/?s={search_term_string}"},"query-input":{"@type":"PropertyValueSpecification","valueRequired":true,"valueName":"search_term_string"}}],"inLanguage":"fr-FR"},{"@type":"Organization","@id":"https:\/\/altrodesign.ca\/fr\/#organization","name":"Altro Designs","url":"https:\/\/altrodesign.ca\/fr\/","logo":{"@type":"ImageObject","inLanguage":"fr-FR","@id":"https:\/\/altrodesign.ca\/fr\/#\/schema\/logo\/image\/","url":"https:\/\/altrodesign.ca\/wp-content\/uploads\/2022\/03\/logo-v2-removebg-preview.png","contentUrl":"https:\/\/altrodesign.ca\/wp-content\/uploads\/2022\/03\/logo-v2-removebg-preview.png","width":289,"height":162,"caption":"Altro Designs"},"image":{"@id":"https:\/\/altrodesign.ca\/fr\/#\/schema\/logo\/image\/"},"sameAs":["https:\/\/www.facebook.com\/Altrodesign","https:\/\/www.youtube.com\/channel\/UC7__sQ_DwpFbRYPJf3g2blQ","https:\/\/www.instagram.com\/altrodesigninc\/"]}]}},"_links":{"self":[{"href":"https:\/\/altrodesign.ca\/fr\/wp-json\/wp\/v2\/pages\/497","targetHints":{"allow":["GET"]}}],"collection":[{"href":"https:\/\/altrodesign.ca\/fr\/wp-json\/wp\/v2\/pages"}],"about":[{"href":"https:\/\/altrodesign.ca\/fr\/wp-json\/wp\/v2\/types\/page"}],"author":[{"embeddable":true,"href":"https:\/\/altrodesign.ca\/fr\/wp-json\/wp\/v2\/users\/2"}],"replies":[{"embeddable":true,"href":"https:\/\/altrodesign.ca\/fr\/wp-json\/wp\/v2\/comments?post=497"}],"version-history":[{"count":0,"href":"https:\/\/altrodesign.ca\/fr\/wp-json\/wp\/v2\/pages\/497\/revisions"}],"wp:attachment":[{"href":"https:\/\/altrodesign.ca\/fr\/wp-json\/wp\/v2\/media?parent=497"}],"curies":[{"name":"wp","href":"https:\/\/api.w.org\/{rel}","templated":true}]}}