{"id":4239,"date":"2021-06-15T16:46:50","date_gmt":"2021-06-15T16:46:50","guid":{"rendered":"https:\/\/altrodesign.ca\/motorized-systems\/"},"modified":"2022-03-22T18:48:04","modified_gmt":"2022-03-22T18:48:04","slug":"motorized-systems","status":"publish","type":"page","link":"https:\/\/altrodesign.ca\/fr\/motorized-systems\/","title":{"rendered":"Motorized Systems"},"content":{"rendered":"<p><div class=\"fusion-fullwidth fullwidth-box fusion-builder-row-1 fusion-flex-container nonhundred-percent-fullwidth non-hundred-percent-height-scrolling\" style=\"background-color: rgba(255,255,255,0);background-position: center center;background-repeat: no-repeat;border-width: 0px 0px 0px 0px;border-color:#e2e2e2;border-style:solid;\" ><div class=\"fusion-builder-row fusion-row fusion-flex-align-items-flex-start\" style=\"max-width:1248px;margin-left: calc(-4% \/ 2 );margin-right: calc(-4% \/ 2 );\"><div class=\"fusion-layout-column fusion_builder_column fusion-builder-column-0 fusion_builder_column_1_1 1_1 fusion-flex-column\"><div class=\"fusion-column-wrapper fusion-flex-justify-content-flex-start fusion-content-layout-column\" style=\"background-position:left top;background-repeat:no-repeat;-webkit-background-size:cover;-moz-background-size:cover;-o-background-size:cover;background-size:cover;padding: 0px 0px 0px 0px;\"><div class=\"fusion-text fusion-text-1\"><h2><img decoding=\"async\" class=\"alignleft wp-image-59\" src=\"https:\/\/altrodesign.ca\/wp-content\/uploads\/2021\/03\/MICHAELANGELO-800x453.jpg\" alt=\"\" width=\"590\" height=\"334\" srcset=\"https:\/\/altrodesign.ca\/wp-content\/uploads\/2021\/03\/MICHAELANGELO-200x113.jpg 200w, https:\/\/altrodesign.ca\/wp-content\/uploads\/2021\/03\/MICHAELANGELO-300x170.jpg 300w, https:\/\/altrodesign.ca\/wp-content\/uploads\/2021\/03\/MICHAELANGELO-400x226.jpg 400w, https:\/\/altrodesign.ca\/wp-content\/uploads\/2021\/03\/MICHAELANGELO-500x283.jpg 500w, https:\/\/altrodesign.ca\/wp-content\/uploads\/2021\/03\/MICHAELANGELO-600x339.jpg 600w, https:\/\/altrodesign.ca\/wp-content\/uploads\/2021\/03\/MICHAELANGELO-700x396.jpg 700w, https:\/\/altrodesign.ca\/wp-content\/uploads\/2021\/03\/MICHAELANGELO-768x434.jpg 768w, https:\/\/altrodesign.ca\/wp-content\/uploads\/2021\/03\/MICHAELANGELO-800x453.jpg 800w, https:\/\/altrodesign.ca\/wp-content\/uploads\/2021\/03\/MICHAELANGELO.jpg 928w\" sizes=\"(max-width: 590px) 100vw, 590px\" \/>Syst\u00e8mes motoris\u00e9s<\/h2>\n<p>Chez Altro Design, vous trouverez une gamme de syst\u00e8mes motoris\u00e9s en plus des diff\u00e9rents rails actionn\u00e9s manuellement. Les syst\u00e8mes motoris\u00e9s peuvent \u00eatre incroyablement pratiques, offrant une utilit\u00e9 dans diverses situations, c&rsquo;est pourquoi nous nous effor\u00e7ons de les inclure dans notre s\u00e9lection.<\/p>\n<h5>Qui appr\u00e9ciera nos syst\u00e8mes motoris\u00e9s<\/h5>\n<p><strong>\u00a0<\/strong>Tout le monde peut profiter de nos syst\u00e8mes motoris\u00e9s, surtout si vous voulez ajouter un peu de confort \u00e0 votre vie. Si vous avez parfois du mal \u00e0 r\u00e9gler correctement vos rideaux ou si vous pr\u00e9f\u00e9rez ne pas vous en occuper, opter pour un syst\u00e8me motoris\u00e9 peut vous \u00e9viter bien des probl\u00e8mes.<\/p>\n<p>Le choix d&rsquo;un syst\u00e8me motoris\u00e9 repr\u00e9sente une excellente option pour une zone difficile \u00e0 atteindre. Peut-\u00eatre avez-vous une fen\u00eatre en hauteur qui est difficile \u00e0 atteindre? Au lieu d&rsquo;avoir \u00e0 grimper sur une chaise pour r\u00e9gler les stores ou les rideaux, vous pourriez utiliser un syst\u00e8me motoris\u00e9. Ou peut-\u00eatre y a-t-il une fen\u00eatre derri\u00e8re de nombreux meubles lourds sur lesquels vous ne voulez pas grimper? La motorisation s&rsquo;est r\u00e9invent\u00e9e et est devenue accessible au plus grand nombre d\u2019utilisateurs. N&rsquo;oubliez pas d&rsquo;inclure ce produit dans votre projet de maison \u00e9cologique.<\/p>\n<h5>Nos syst\u00e8mes motoris\u00e9s proviennent de grandes marques<\/h5>\n<p><strong>\u00a0<\/strong>Vous remarquerez que nos syst\u00e8mes motoris\u00e9s proviennent des plus grandes marques de l&rsquo;industrie, telles que la marque Somfy et le <a href=\"https:\/\/altrodesign.ca\/category\/forest?lang=en\">Forest Group<\/a>. Les rails motoris\u00e9s Forest Shuttle, par exemple, sont connus pour leur bon fonctionnement et leur compatibilit\u00e9, ce qui les rend populaires dans le monde entier. Nos produits sont disponibles afin qu&rsquo;ils puissent \u00eatre contr\u00f4l\u00e9s via des applications telles que Google Home, Amazon Alexa et d&rsquo;autres applications tierces. Ceux-ci peuvent \u00e9galement \u00eatre contr\u00f4l\u00e9s via votre t\u00e9l\u00e9phone intelligent, votre tablette ou votre ordinateur. Il y a m\u00eame la possibilit\u00e9 de r\u00e9gler les heures d&rsquo;ouverture et de fermeture des rideaux ou des tentures ou la possibilit\u00e9 de les r\u00e9gler pour se fermer et s&rsquo;ouvrir au lever et au coucher du soleil, respectivement.<\/p>\n<p>Nos moteurs de Forest Group et de Somfy s&rsquo;int\u00e8grent \u00e9galement de mani\u00e8re transparente avec d&rsquo;autres technologies de maison intelligente. Cela vous permet de les combiner facilement avec des syst\u00e8mes tels que Crestron, Control 4 et Lutron. Nos syst\u00e8mes de motorisation s&rsquo;int\u00e8grent facilement aux syst\u00e8mes de s\u00e9curit\u00e9, de CVC et d&rsquo;\u00e9clairage pour une automatisation totale de la maison ou du b\u00e2timent.<\/p>\n<h5>Motorisation pour la plupart des habillages de fen\u00eatre<\/h5>\n<p><strong>\u00a0<\/strong>Au fil des ans, la technologie n&rsquo;a cess\u00e9 de s&rsquo;am\u00e9liorer et Altro Design est maintenant fier d&rsquo;offrir des options motoris\u00e9es pour presque tous les types d\u2019habillages de fen\u00eatre. Ceux-ci incluent des stores romains, des traitements de draperie, des lucarnes et plus encore.<\/p>\n<p>Altro est le seul distributeur au Canada \u00e0 avoir une tenture d\u00e9corative Somfy sur rail motoris\u00e9. La tringle de draperie Davinci H-rail est disponible en version 28 mm ou 40 mm et peut \u00eatre utilis\u00e9e avec n&rsquo;importe quel moteur de draperie Somfy. Le rail en H est disponible dans de nombreuses finitions et peut m\u00eame \u00eatre utilis\u00e9 avec ou sans embouts. Nous avons \u00e9galement la tringle \u00e0 draperie Glydea et nos stores romains motoris\u00e9s. Si vous pr\u00e9f\u00e9rez Forest Group, pensez au <a href=\"https:\/\/altrodesign.ca\/category\/fms?lang=en\">FMS<\/a> ou au MRS, ce dernier \u00e9tant disponible en 28 mm ou 40 mm avec de nombreuses options de couleurs \u00e9galement. Tous les rails de rideaux motoris\u00e9s peuvent \u00eatre pli\u00e9s et courb\u00e9s selon vos besoins.<\/p>\n<\/div><\/div><style type=\"text\/css\">.fusion-body .fusion-builder-column-0{width:100% !important;margin-top : 0px;margin-bottom : 0px;}.fusion-builder-column-0 > .fusion-column-wrapper {padding-top : 0px !important;padding-right : 0px !important;margin-right : 1.92%;padding-bottom : 0px !important;padding-left : 0px !important;margin-left : 1.92%;}@media only screen and (max-width:1024px) {.fusion-body .fusion-builder-column-0{width:100% !important;}.fusion-builder-column-0 > .fusion-column-wrapper {margin-right : 1.92%;margin-left : 1.92%;}}@media only screen and (max-width:768px) {.fusion-body .fusion-builder-column-0{width:100% !important;}.fusion-builder-column-0 > .fusion-column-wrapper {margin-right : 1.92%;margin-left : 1.92%;}}<\/style><\/div><\/div><style type=\"text\/css\">.fusion-body .fusion-flex-container.fusion-builder-row-1{ padding-top : 0px;margin-top : 0px;padding-right : 0px;padding-bottom : 0px;margin-bottom : 0px;padding-left : 0px;}<\/style><\/div><div class=\"fusion-fullwidth fullwidth-box fusion-builder-row-2 fusion-flex-container product_categories_row nonhundred-percent-fullwidth non-hundred-percent-height-scrolling\" style=\"background-color: rgba(255,255,255,0);background-position: center center;background-repeat: no-repeat;border-width: 0px 0px 0px 0px;border-color:#e2e2e2;border-style:solid;\" ><div class=\"fusion-builder-row fusion-row fusion-flex-align-items-flex-start\" style=\"max-width:1248px;margin-left: calc(-4% \/ 2 );margin-right: calc(-4% \/ 2 );\"><div class=\"fusion-layout-column fusion_builder_column fusion-builder-column-1 fusion_builder_column_1_1 1_1 fusion-flex-column\"><div class=\"fusion-column-wrapper fusion-flex-justify-content-flex-start fusion-content-layout-column\" style=\"background-position:left top;background-repeat:no-repeat;-webkit-background-size:cover;-moz-background-size:cover;-o-background-size:cover;background-size:cover;padding: 0px 0px 0px 0px;\"><div class=\"woocommerce columns-4\"><ul class=\"products clearfix products-4\">\n<li class=\"product-category product first product-grid-view\">\n\t<div class=\"fusion-product-wrapper\">\n<a aria-label=\"Visit product category Forest 28mm MRS 1 1\/8\u201d Motoris\u00e9\" href=\"https:\/\/altrodesign.ca\/fr\/categorie-produit\/motorized-systems-fr\/forest-28mm-mrs-1-1-8\/\"><img decoding=\"async\" src=\"https:\/\/altrodesign.ca\/wp-content\/uploads\/2022\/01\/FOREST-28mm-MRS.jpg\" alt=\"Forest 28mm MRS 1 1\/8\u201d Motoris\u00e9\" width=\"500\" height=\"\" srcset=\"https:\/\/altrodesign.ca\/wp-content\/uploads\/2022\/01\/FOREST-28mm-MRS-200x283.jpg 200w, https:\/\/altrodesign.ca\/wp-content\/uploads\/2022\/01\/FOREST-28mm-MRS-212x300.jpg 212w, https:\/\/altrodesign.ca\/wp-content\/uploads\/2022\/01\/FOREST-28mm-MRS-400x566.jpg 400w, https:\/\/altrodesign.ca\/wp-content\/uploads\/2022\/01\/FOREST-28mm-MRS.jpg 454w\" sizes=\"(max-width: 454px) 100vw, 454px\" \/>\t\t<h2 class=\"woocommerce-loop-category__title\">\n\t\t\tForest 28mm MRS 1 1\/8\u201d Motoris\u00e9 <mark class=\"count\">(22)<\/mark>\t\t<\/h2>\n\t\t<\/a><\/div>\n<\/li>\n<li class=\"product-category product product-grid-view\">\n\t<div class=\"fusion-product-wrapper\">\n<a aria-label=\"Visit product category Forest 40mm MRS Motoris\u00e9\" href=\"https:\/\/altrodesign.ca\/fr\/categorie-produit\/motorized-systems-fr\/forest-40mm-mrs-motorized-fr\/\"><img decoding=\"async\" src=\"https:\/\/altrodesign.ca\/wp-content\/uploads\/2022\/01\/Forest-40mm-MRS.jpg\" alt=\"Forest 40mm MRS Motoris\u00e9\" width=\"500\" height=\"\" srcset=\"https:\/\/altrodesign.ca\/wp-content\/uploads\/2022\/01\/Forest-40mm-MRS-200x283.jpg 200w, https:\/\/altrodesign.ca\/wp-content\/uploads\/2022\/01\/Forest-40mm-MRS-212x300.jpg 212w, https:\/\/altrodesign.ca\/wp-content\/uploads\/2022\/01\/Forest-40mm-MRS-400x566.jpg 400w, https:\/\/altrodesign.ca\/wp-content\/uploads\/2022\/01\/Forest-40mm-MRS.jpg 454w\" sizes=\"(max-width: 454px) 100vw, 454px\" \/>\t\t<h2 class=\"woocommerce-loop-category__title\">\n\t\t\tForest 40mm MRS Motoris\u00e9 <mark class=\"count\">(13)<\/mark>\t\t<\/h2>\n\t\t<\/a><\/div>\n<\/li>\n<li class=\"product-category product product-grid-view\">\n\t<div class=\"fusion-product-wrapper\">\n<a aria-label=\"Visit product category Forest FMS Motoris\u00e9\" href=\"https:\/\/altrodesign.ca\/fr\/categorie-produit\/motorized-systems-fr\/forest-fms-motorized-fr\/\"><img decoding=\"async\" src=\"https:\/\/altrodesign.ca\/wp-content\/uploads\/2022\/01\/FOREST-FMS.jpg\" alt=\"Forest FMS Motoris\u00e9\" width=\"500\" height=\"\" srcset=\"https:\/\/altrodesign.ca\/wp-content\/uploads\/2022\/01\/FOREST-FMS-200x283.jpg 200w, https:\/\/altrodesign.ca\/wp-content\/uploads\/2022\/01\/FOREST-FMS-212x300.jpg 212w, https:\/\/altrodesign.ca\/wp-content\/uploads\/2022\/01\/FOREST-FMS-400x566.jpg 400w, https:\/\/altrodesign.ca\/wp-content\/uploads\/2022\/01\/FOREST-FMS.jpg 454w\" sizes=\"(max-width: 454px) 100vw, 454px\" \/>\t\t<h2 class=\"woocommerce-loop-category__title\">\n\t\t\tForest FMS Motoris\u00e9 <mark class=\"count\">(17)<\/mark>\t\t<\/h2>\n\t\t<\/a><\/div>\n<\/li>\n<li class=\"product-category product last product-grid-view\">\n\t<div class=\"fusion-product-wrapper\">\n<a aria-label=\"Visit product category Somfy\u00ae Glydea Motoris\u00e9\" href=\"https:\/\/altrodesign.ca\/fr\/categorie-produit\/motorized-systems-fr\/somfy-glydea-motorized-fr\/\"><img decoding=\"async\" src=\"https:\/\/altrodesign.ca\/wp-content\/uploads\/2022\/01\/Somfy-Glydea.jpg\" alt=\"Somfy\u00ae Glydea Motoris\u00e9\" width=\"500\" height=\"\" srcset=\"https:\/\/altrodesign.ca\/wp-content\/uploads\/2022\/01\/Somfy-Glydea-200x283.jpg 200w, https:\/\/altrodesign.ca\/wp-content\/uploads\/2022\/01\/Somfy-Glydea-212x300.jpg 212w, https:\/\/altrodesign.ca\/wp-content\/uploads\/2022\/01\/Somfy-Glydea-400x566.jpg 400w, https:\/\/altrodesign.ca\/wp-content\/uploads\/2022\/01\/Somfy-Glydea.jpg 454w\" sizes=\"(max-width: 454px) 100vw, 454px\" \/>\t\t<h2 class=\"woocommerce-loop-category__title\">\n\t\t\tSomfy\u00ae Glydea Motoris\u00e9 <mark class=\"count\">(15)<\/mark>\t\t<\/h2>\n\t\t<\/a><\/div>\n<\/li>\n<li class=\"product-category product first product-grid-view\">\n\t<div class=\"fusion-product-wrapper\">\n<a aria-label=\"Visit product category Somfy\u00ae H-Rail 28mm Motoris\u00e9\" href=\"https:\/\/altrodesign.ca\/fr\/categorie-produit\/motorized-systems-fr\/somfy-28mm-h-rail-motorized-fr\/\"><img decoding=\"async\" src=\"https:\/\/altrodesign.ca\/wp-content\/uploads\/2022\/01\/Somfy-28mm-H-Rail.jpg\" alt=\"Somfy\u00ae H-Rail 28mm Motoris\u00e9\" width=\"500\" height=\"\" srcset=\"https:\/\/altrodesign.ca\/wp-content\/uploads\/2022\/01\/Somfy-28mm-H-Rail-200x283.jpg 200w, https:\/\/altrodesign.ca\/wp-content\/uploads\/2022\/01\/Somfy-28mm-H-Rail-212x300.jpg 212w, https:\/\/altrodesign.ca\/wp-content\/uploads\/2022\/01\/Somfy-28mm-H-Rail-400x566.jpg 400w, https:\/\/altrodesign.ca\/wp-content\/uploads\/2022\/01\/Somfy-28mm-H-Rail.jpg 454w\" sizes=\"(max-width: 454px) 100vw, 454px\" \/>\t\t<h2 class=\"woocommerce-loop-category__title\">\n\t\t\tSomfy\u00ae H-Rail 28mm Motoris\u00e9 <mark class=\"count\">(19)<\/mark>\t\t<\/h2>\n\t\t<\/a><\/div>\n<\/li>\n<li class=\"product-category product product-grid-view\">\n\t<div class=\"fusion-product-wrapper\">\n<a aria-label=\"Visit product category Somfy\u00ae H-Rail 40mm Motoris\u00e9\" href=\"https:\/\/altrodesign.ca\/fr\/categorie-produit\/motorized-systems-fr\/somfy-40mm-h-rail-motorized-fr\/\"><img decoding=\"async\" src=\"https:\/\/altrodesign.ca\/wp-content\/uploads\/2022\/01\/Somfy-40mm-H-Rail.jpg\" alt=\"Somfy\u00ae H-Rail 40mm Motoris\u00e9\" width=\"500\" height=\"\" srcset=\"https:\/\/altrodesign.ca\/wp-content\/uploads\/2022\/01\/Somfy-40mm-H-Rail-200x283.jpg 200w, https:\/\/altrodesign.ca\/wp-content\/uploads\/2022\/01\/Somfy-40mm-H-Rail-212x300.jpg 212w, https:\/\/altrodesign.ca\/wp-content\/uploads\/2022\/01\/Somfy-40mm-H-Rail-400x566.jpg 400w, https:\/\/altrodesign.ca\/wp-content\/uploads\/2022\/01\/Somfy-40mm-H-Rail.jpg 454w\" sizes=\"(max-width: 454px) 100vw, 454px\" \/>\t\t<h2 class=\"woocommerce-loop-category__title\">\n\t\t\tSomfy\u00ae H-Rail 40mm Motoris\u00e9 <mark class=\"count\">(17)<\/mark>\t\t<\/h2>\n\t\t<\/a><\/div>\n<\/li>\n<li class=\"product-category product product-grid-view\">\n\t<div class=\"fusion-product-wrapper\">\n<a aria-label=\"Visit product category Stores Romain motoris\u00e9\" href=\"https:\/\/altrodesign.ca\/fr\/categorie-produit\/motorized-systems-fr\/motorized-roman-shade-fr\/\"><img decoding=\"async\" src=\"https:\/\/altrodesign.ca\/wp-content\/uploads\/2022\/01\/Motorized-Roman-Shade.jpg\" alt=\"Stores Romain motoris\u00e9\" width=\"500\" height=\"\" srcset=\"https:\/\/altrodesign.ca\/wp-content\/uploads\/2022\/01\/Motorized-Roman-Shade-200x283.jpg 200w, https:\/\/altrodesign.ca\/wp-content\/uploads\/2022\/01\/Motorized-Roman-Shade-212x300.jpg 212w, https:\/\/altrodesign.ca\/wp-content\/uploads\/2022\/01\/Motorized-Roman-Shade-400x566.jpg 400w, https:\/\/altrodesign.ca\/wp-content\/uploads\/2022\/01\/Motorized-Roman-Shade.jpg 454w\" sizes=\"(max-width: 454px) 100vw, 454px\" \/>\t\t<h2 class=\"woocommerce-loop-category__title\">\n\t\t\tStores Romain motoris\u00e9 <mark class=\"count\">(11)<\/mark>\t\t<\/h2>\n\t\t<\/a><\/div>\n<\/li>\n<\/ul>\n<\/div><\/div><style type=\"text\/css\">.fusion-body .fusion-builder-column-1{width:100% !important;margin-top : 0px;margin-bottom : 20px;}.fusion-builder-column-1 > .fusion-column-wrapper {padding-top : 0px !important;padding-right : 0px !important;margin-right : 1.92%;padding-bottom : 0px !important;padding-left : 0px !important;margin-left : 1.92%;}@media only screen and (max-width:1024px) {.fusion-body .fusion-builder-column-1{width:100% !important;order : 0;}.fusion-builder-column-1 > .fusion-column-wrapper {margin-right : 1.92%;margin-left : 1.92%;}}@media only screen and (max-width:768px) {.fusion-body .fusion-builder-column-1{width:100% !important;order : 0;}.fusion-builder-column-1 > .fusion-column-wrapper {margin-right : 1.92%;margin-left : 1.92%;}}<\/style><\/div><\/div><style type=\"text\/css\">.fusion-body .fusion-flex-container.fusion-builder-row-2{ padding-top : 0px;margin-top : 0px;padding-right : 0px;padding-bottom : 0px;margin-bottom : 0px;padding-left : 0px;}<\/style><\/div><\/p>\n","protected":false},"excerpt":{"rendered":"","protected":false},"author":2,"featured_media":0,"parent":0,"menu_order":0,"comment_status":"closed","ping_status":"closed","template":"","meta":{"footnotes":""},"class_list":["post-4239","page","type-page","status-publish","hentry"],"yoast_head":"<!-- This site is optimized with the Yoast SEO plugin v25.4 - https:\/\/yoast.com\/wordpress\/plugins\/seo\/ -->\n<title>Motorized Systems - Altro Design<\/title>\n<meta name=\"robots\" content=\"index, follow, max-snippet:-1, max-image-preview:large, max-video-preview:-1\" \/>\n<link rel=\"canonical\" href=\"https:\/\/altrodesign.ca\/fr\/motorized-systems\/\" \/>\n<meta property=\"og:locale\" content=\"fr_FR\" \/>\n<meta property=\"og:type\" content=\"article\" \/>\n<meta property=\"og:title\" content=\"Motorized Systems - Altro Design\" \/>\n<meta property=\"og:url\" content=\"https:\/\/altrodesign.ca\/fr\/motorized-systems\/\" \/>\n<meta property=\"og:site_name\" content=\"Altro Design\" \/>\n<meta property=\"article:publisher\" content=\"https:\/\/www.facebook.com\/Altrodesign\" \/>\n<meta property=\"article:modified_time\" content=\"2022-03-22T18:48:04+00:00\" \/>\n<meta property=\"og:image\" content=\"https:\/\/altrodesign.ca\/wp-content\/uploads\/2021\/03\/MICHAELANGELO-800x453.jpg\" \/>\n<meta name=\"twitter:card\" content=\"summary_large_image\" \/>\n<meta name=\"twitter:label1\" content=\"Est. reading time\" \/>\n\t<meta name=\"twitter:data1\" content=\"7 minutes\" \/>\n<script type=\"application\/ld+json\" class=\"yoast-schema-graph\">{\"@context\":\"https:\/\/schema.org\",\"@graph\":[{\"@type\":\"WebPage\",\"@id\":\"https:\/\/altrodesign.ca\/fr\/motorized-systems\/\",\"url\":\"https:\/\/altrodesign.ca\/fr\/motorized-systems\/\",\"name\":\"Motorized Systems - Altro Design\",\"isPartOf\":{\"@id\":\"https:\/\/altrodesign.ca\/fr\/#website\"},\"primaryImageOfPage\":{\"@id\":\"https:\/\/altrodesign.ca\/fr\/motorized-systems\/#primaryimage\"},\"image\":{\"@id\":\"https:\/\/altrodesign.ca\/fr\/motorized-systems\/#primaryimage\"},\"thumbnailUrl\":\"https:\/\/altrodesign.ca\/wp-content\/uploads\/2021\/03\/MICHAELANGELO-800x453.jpg\",\"datePublished\":\"2021-06-15T16:46:50+00:00\",\"dateModified\":\"2022-03-22T18:48:04+00:00\",\"breadcrumb\":{\"@id\":\"https:\/\/altrodesign.ca\/fr\/motorized-systems\/#breadcrumb\"},\"inLanguage\":\"fr-FR\",\"potentialAction\":[{\"@type\":\"ReadAction\",\"target\":[\"https:\/\/altrodesign.ca\/fr\/motorized-systems\/\"]}]},{\"@type\":\"ImageObject\",\"inLanguage\":\"fr-FR\",\"@id\":\"https:\/\/altrodesign.ca\/fr\/motorized-systems\/#primaryimage\",\"url\":\"https:\/\/altrodesign.ca\/wp-content\/uploads\/2021\/03\/MICHAELANGELO-800x453.jpg\",\"contentUrl\":\"https:\/\/altrodesign.ca\/wp-content\/uploads\/2021\/03\/MICHAELANGELO-800x453.jpg\"},{\"@type\":\"BreadcrumbList\",\"@id\":\"https:\/\/altrodesign.ca\/fr\/motorized-systems\/#breadcrumb\",\"itemListElement\":[{\"@type\":\"ListItem\",\"position\":1,\"name\":\"Home\",\"item\":\"https:\/\/altrodesign.ca\/fr\/\"},{\"@type\":\"ListItem\",\"position\":2,\"name\":\"Motorized Systems\"}]},{\"@type\":\"WebSite\",\"@id\":\"https:\/\/altrodesign.ca\/fr\/#website\",\"url\":\"https:\/\/altrodesign.ca\/fr\/\",\"name\":\"Altro Design\",\"description\":\"Altro Design drapery hardware wholesaler\",\"publisher\":{\"@id\":\"https:\/\/altrodesign.ca\/fr\/#organization\"},\"potentialAction\":[{\"@type\":\"SearchAction\",\"target\":{\"@type\":\"EntryPoint\",\"urlTemplate\":\"https:\/\/altrodesign.ca\/fr\/?s={search_term_string}\"},\"query-input\":{\"@type\":\"PropertyValueSpecification\",\"valueRequired\":true,\"valueName\":\"search_term_string\"}}],\"inLanguage\":\"fr-FR\"},{\"@type\":\"Organization\",\"@id\":\"https:\/\/altrodesign.ca\/fr\/#organization\",\"name\":\"Altro Designs\",\"url\":\"https:\/\/altrodesign.ca\/fr\/\",\"logo\":{\"@type\":\"ImageObject\",\"inLanguage\":\"fr-FR\",\"@id\":\"https:\/\/altrodesign.ca\/fr\/#\/schema\/logo\/image\/\",\"url\":\"https:\/\/altrodesign.ca\/wp-content\/uploads\/2022\/03\/logo-v2-removebg-preview.png\",\"contentUrl\":\"https:\/\/altrodesign.ca\/wp-content\/uploads\/2022\/03\/logo-v2-removebg-preview.png\",\"width\":289,\"height\":162,\"caption\":\"Altro Designs\"},\"image\":{\"@id\":\"https:\/\/altrodesign.ca\/fr\/#\/schema\/logo\/image\/\"},\"sameAs\":[\"https:\/\/www.facebook.com\/Altrodesign\",\"https:\/\/www.youtube.com\/channel\/UC7__sQ_DwpFbRYPJf3g2blQ\",\"https:\/\/www.instagram.com\/altrodesigninc\/\"]}]}<\/script>\n<!-- \/ Yoast SEO plugin. -->","yoast_head_json":{"title":"Motorized Systems - Altro Design","robots":{"index":"index","follow":"follow","max-snippet":"max-snippet:-1","max-image-preview":"max-image-preview:large","max-video-preview":"max-video-preview:-1"},"canonical":"https:\/\/altrodesign.ca\/fr\/motorized-systems\/","og_locale":"fr_FR","og_type":"article","og_title":"Motorized Systems - Altro Design","og_url":"https:\/\/altrodesign.ca\/fr\/motorized-systems\/","og_site_name":"Altro Design","article_publisher":"https:\/\/www.facebook.com\/Altrodesign","article_modified_time":"2022-03-22T18:48:04+00:00","og_image":[{"url":"https:\/\/altrodesign.ca\/wp-content\/uploads\/2021\/03\/MICHAELANGELO-800x453.jpg","type":"","width":"","height":""}],"twitter_card":"summary_large_image","twitter_misc":{"Est. reading time":"7 minutes"},"schema":{"@context":"https:\/\/schema.org","@graph":[{"@type":"WebPage","@id":"https:\/\/altrodesign.ca\/fr\/motorized-systems\/","url":"https:\/\/altrodesign.ca\/fr\/motorized-systems\/","name":"Motorized Systems - Altro Design","isPartOf":{"@id":"https:\/\/altrodesign.ca\/fr\/#website"},"primaryImageOfPage":{"@id":"https:\/\/altrodesign.ca\/fr\/motorized-systems\/#primaryimage"},"image":{"@id":"https:\/\/altrodesign.ca\/fr\/motorized-systems\/#primaryimage"},"thumbnailUrl":"https:\/\/altrodesign.ca\/wp-content\/uploads\/2021\/03\/MICHAELANGELO-800x453.jpg","datePublished":"2021-06-15T16:46:50+00:00","dateModified":"2022-03-22T18:48:04+00:00","breadcrumb":{"@id":"https:\/\/altrodesign.ca\/fr\/motorized-systems\/#breadcrumb"},"inLanguage":"fr-FR","potentialAction":[{"@type":"ReadAction","target":["https:\/\/altrodesign.ca\/fr\/motorized-systems\/"]}]},{"@type":"ImageObject","inLanguage":"fr-FR","@id":"https:\/\/altrodesign.ca\/fr\/motorized-systems\/#primaryimage","url":"https:\/\/altrodesign.ca\/wp-content\/uploads\/2021\/03\/MICHAELANGELO-800x453.jpg","contentUrl":"https:\/\/altrodesign.ca\/wp-content\/uploads\/2021\/03\/MICHAELANGELO-800x453.jpg"},{"@type":"BreadcrumbList","@id":"https:\/\/altrodesign.ca\/fr\/motorized-systems\/#breadcrumb","itemListElement":[{"@type":"ListItem","position":1,"name":"Home","item":"https:\/\/altrodesign.ca\/fr\/"},{"@type":"ListItem","position":2,"name":"Motorized Systems"}]},{"@type":"WebSite","@id":"https:\/\/altrodesign.ca\/fr\/#website","url":"https:\/\/altrodesign.ca\/fr\/","name":"Altro Design","description":"Altro Design drapery hardware wholesaler","publisher":{"@id":"https:\/\/altrodesign.ca\/fr\/#organization"},"potentialAction":[{"@type":"SearchAction","target":{"@type":"EntryPoint","urlTemplate":"https:\/\/altrodesign.ca\/fr\/?s={search_term_string}"},"query-input":{"@type":"PropertyValueSpecification","valueRequired":true,"valueName":"search_term_string"}}],"inLanguage":"fr-FR"},{"@type":"Organization","@id":"https:\/\/altrodesign.ca\/fr\/#organization","name":"Altro Designs","url":"https:\/\/altrodesign.ca\/fr\/","logo":{"@type":"ImageObject","inLanguage":"fr-FR","@id":"https:\/\/altrodesign.ca\/fr\/#\/schema\/logo\/image\/","url":"https:\/\/altrodesign.ca\/wp-content\/uploads\/2022\/03\/logo-v2-removebg-preview.png","contentUrl":"https:\/\/altrodesign.ca\/wp-content\/uploads\/2022\/03\/logo-v2-removebg-preview.png","width":289,"height":162,"caption":"Altro Designs"},"image":{"@id":"https:\/\/altrodesign.ca\/fr\/#\/schema\/logo\/image\/"},"sameAs":["https:\/\/www.facebook.com\/Altrodesign","https:\/\/www.youtube.com\/channel\/UC7__sQ_DwpFbRYPJf3g2blQ","https:\/\/www.instagram.com\/altrodesigninc\/"]}]}},"_links":{"self":[{"href":"https:\/\/altrodesign.ca\/fr\/wp-json\/wp\/v2\/pages\/4239","targetHints":{"allow":["GET"]}}],"collection":[{"href":"https:\/\/altrodesign.ca\/fr\/wp-json\/wp\/v2\/pages"}],"about":[{"href":"https:\/\/altrodesign.ca\/fr\/wp-json\/wp\/v2\/types\/page"}],"author":[{"embeddable":true,"href":"https:\/\/altrodesign.ca\/fr\/wp-json\/wp\/v2\/users\/2"}],"replies":[{"embeddable":true,"href":"https:\/\/altrodesign.ca\/fr\/wp-json\/wp\/v2\/comments?post=4239"}],"version-history":[{"count":0,"href":"https:\/\/altrodesign.ca\/fr\/wp-json\/wp\/v2\/pages\/4239\/revisions"}],"wp:attachment":[{"href":"https:\/\/altrodesign.ca\/fr\/wp-json\/wp\/v2\/media?parent=4239"}],"curies":[{"name":"wp","href":"https:\/\/api.w.org\/{rel}","templated":true}]}}