{"id":3064,"date":"2021-12-09T06:25:47","date_gmt":"2021-12-09T06:25:47","guid":{"rendered":"https:\/\/altrodesign.ca\/?page_id=3064"},"modified":"2022-01-06T13:46:43","modified_gmt":"2022-01-06T13:46:43","slug":"prima","status":"publish","type":"page","link":"https:\/\/altrodesign.ca\/fr\/prima\/","title":{"rendered":"Prima"},"content":{"rendered":"<p><div class=\"fusion-fullwidth fullwidth-box fusion-builder-row-1 fusion-flex-container nonhundred-percent-fullwidth non-hundred-percent-height-scrolling\" style=\"background-color: rgba(255,255,255,0);background-position: center center;background-repeat: no-repeat;border-width: 0px 0px 0px 0px;border-color:#e2e2e2;border-style:solid;\" ><div class=\"fusion-builder-row fusion-row fusion-flex-align-items-flex-start\" style=\"max-width:1248px;margin-left: calc(-4% \/ 2 );margin-right: calc(-4% \/ 2 );\"><div class=\"fusion-layout-column fusion_builder_column fusion-builder-column-0 fusion_builder_column_1_1 1_1 fusion-flex-column\"><div class=\"fusion-column-wrapper fusion-flex-justify-content-flex-start fusion-content-layout-column\" style=\"background-position:left top;background-repeat:no-repeat;-webkit-background-size:cover;-moz-background-size:cover;-o-background-size:cover;background-size:cover;padding: 0px 0px 0px 0px;\"><div class=\"fusion-text fusion-text-1\"><h2><strong><img decoding=\"async\" class=\"alignleft size-full wp-image-4607\" src=\"https:\/\/altrodesign.ca\/wp-content\/uploads\/2022\/01\/PRIMA-COLLECTION.png\" alt=\"\" width=\"500\" height=\"647\" srcset=\"https:\/\/altrodesign.ca\/wp-content\/uploads\/2022\/01\/PRIMA-COLLECTION-200x259.png 200w, https:\/\/altrodesign.ca\/wp-content\/uploads\/2022\/01\/PRIMA-COLLECTION-232x300.png 232w, https:\/\/altrodesign.ca\/wp-content\/uploads\/2022\/01\/PRIMA-COLLECTION-400x518.png 400w, https:\/\/altrodesign.ca\/wp-content\/uploads\/2022\/01\/PRIMA-COLLECTION.png 500w\" sizes=\"(max-width: 500px) 100vw, 500px\" \/><\/strong>Prima<\/h2>\n<p><strong>\u00a0<\/strong>La collection Prima n&rsquo;est qu&rsquo;une des nombreuses options de tringles de fen\u00eatre disponibles chez Altro Design. La collection propose un vaste choix de finitions et comprend une gamme de produits comme des tringles, des supports et des anneaux.<\/p>\n<h5>Choisissez en fonction de votre d\u00e9cor<\/h5>\n<p><strong>\u00a0<\/strong>En parcourant la collection Prima, vous trouverez 13 finitions diff\u00e9rentes parmi lesquelles choisir. Cela permet \u00e0 chacun de trouver au moins une, sinon plusieurs, options qui compl\u00e8tent son d\u00e9cor. Certaines options sont m\u00eame disponibles non finies, ce qui vous permet de les peindre dans une couleur sp\u00e9cifique pour correspondre \u00e0 votre d\u00e9cor.<\/p>\n<p>Ces finitions sont disponibles sur les anneaux, les tringles, les supports et les embouts, offrant ainsi une apparence uniforme.<\/p>\n<h5>Robuste et beau<\/h5>\n<p><strong>\u00a0<\/strong>En plus des tringles principales, la collection Prima comprend tout le mat\u00e9riel dont vous avez besoin, le tout con\u00e7u pour \u00eatre beau et robuste.<\/p>\n<p>Les composants ont des finitions magnifiques et brillantes qui rehausseront n&rsquo;importe quel d\u00e9cor int\u00e9rieur. En m\u00eame temps, ils ont \u00e9t\u00e9 con\u00e7us pour les professionnels du traitement des fen\u00eatres, ce qui signifie que toutes les pi\u00e8ces r\u00e9pondent \u00e0 des normes \u00e9lev\u00e9es.<\/p>\n<h5>Options polyvalentes<\/h5>\n<p><strong>\u00a0<\/strong>La collection Prima comprend des options tr\u00e8s polyvalentes parmi lesquelles choisir. Par exemple, vous pouvez choisir parmi des tringles en bois de plusieurs diam\u00e8tres, 1 3\/8\u201d et 2 \u00bc\u201d. La collection 2 \u00bc\u201d peut \u00eatre rainur\u00e9e pour int\u00e9grer des rails manuels, filaires ainsi que des rails <a href=\"https:\/\/altrodesign.ca\/motorization?lang=en\">motoris\u00e9es<\/a>.<\/p>\n<h5>La s\u00e9lection<\/h5>\n<p><strong>\u00a0<\/strong>Pour votre commodit\u00e9, Altro Design a s\u00e9lectionn\u00e9 la collection Prima en fonction du diam\u00e8tre des tringles et de la longueur totale des tringles allant de 8 \u00e0 12 pieds en une seule pi\u00e8ce solide. La collection Prima a \u00e9galement \u00e9t\u00e9 choisie pour ses finitions remarquables.<\/p>\n<p>Pour chaque taille, vous pouvez vous attendre \u00e0 trouver une s\u00e9lection d&rsquo;une douzaine de pi\u00e8ces d&#8217;embout, chacune ayant une forme, un motif et un style diff\u00e9rents. La plupart sont propos\u00e9s en 13 couleurs, offrant une personnalisation presque compl\u00e8te.<\/p>\n<p>En plus des embouts, vous trouverez une gamme d&rsquo;options pour des supports \u00e9l\u00e9gants, encore une fois dans une vaste gamme de styles et de couleurs. Les supports sont \u00e9galement disponibles en diff\u00e9rentes tailles, mais fonctionneront toujours avec le diam\u00e8tre de tringle appropri\u00e9.<\/p>\n<p>La collection Prima comprend \u00e9galement toutes les autres pi\u00e8ces et le mat\u00e9riel dont vous pourriez avoir besoin, tels que les supports de plafond, les supports doubles, les supports int\u00e9rieurs et les douilles pivotantes. En plus des tringles de base dans la longueur de votre choix, vous pouvez \u00e9galement trouver des coudes et des raccords.<\/p>\n<p>En ce qui concerne les retenues ou les embrasses, la collection Prima propose huit belles options diff\u00e9rentes, des simples motifs circulaires \u00e0 ceux avec des d\u00e9tails suppl\u00e9mentaires. Les combinaisons comprennent diff\u00e9rentes tailles et votre choix parmi les 13 couleurs. Bien que la plupart soient circulaires, car c&rsquo;est la forme traditionnelle, il existe \u00e9galement des options carr\u00e9es.<\/p>\n<h5>La qualit\u00e9 sur laquelle vous pouvez compter<\/h5>\n<p>Comme pour toutes les autres tringles, rails et accessoires que nous proposons chez Altro Design, vous pouvez compter sur la qualit\u00e9 de la collection Prima. Les pi\u00e8ces sont toutes soigneusement con\u00e7ues \u00e0 partir de mat\u00e9riaux de haute qualit\u00e9 pour assurer une durabilit\u00e9 sur laquelle vous pouvez compter quel que soit le cadre. Chaque pi\u00e8ce est parfaitement ajust\u00e9e, car les produits sont tous finis \u00e0 la main.<\/p>\n<\/div><\/div><style type=\"text\/css\">.fusion-body .fusion-builder-column-0{width:100% !important;margin-top : 0px;margin-bottom : 0px;}.fusion-builder-column-0 > .fusion-column-wrapper {padding-top : 0px !important;padding-right : 0px !important;margin-right : 1.92%;padding-bottom : 0px !important;padding-left : 0px !important;margin-left : 1.92%;}@media only screen and (max-width:1024px) {.fusion-body .fusion-builder-column-0{width:100% !important;}.fusion-builder-column-0 > .fusion-column-wrapper {margin-right : 1.92%;margin-left : 1.92%;}}@media only screen and (max-width:768px) {.fusion-body .fusion-builder-column-0{width:100% !important;}.fusion-builder-column-0 > .fusion-column-wrapper {margin-right : 1.92%;margin-left : 1.92%;}}<\/style><\/div><\/div><style type=\"text\/css\">.fusion-body .fusion-flex-container.fusion-builder-row-1{ padding-top : 0px;margin-top : 0px;padding-right : 0px;padding-bottom : 0px;margin-bottom : 0px;padding-left : 0px;}<\/style><\/div><div class=\"fusion-fullwidth fullwidth-box fusion-builder-row-2 fusion-flex-container product_categories_row nonhundred-percent-fullwidth non-hundred-percent-height-scrolling\" style=\"background-color: rgba(255,255,255,0);background-position: center center;background-repeat: no-repeat;border-width: 0px 0px 0px 0px;border-color:#e2e2e2;border-style:solid;\" ><div class=\"fusion-builder-row fusion-row fusion-flex-align-items-flex-start\" style=\"max-width:1248px;margin-left: calc(-4% \/ 2 );margin-right: calc(-4% \/ 2 );\"><div class=\"fusion-layout-column fusion_builder_column fusion-builder-column-1 fusion_builder_column_1_1 1_1 fusion-flex-column\"><div class=\"fusion-column-wrapper fusion-flex-justify-content-flex-start fusion-content-layout-column\" style=\"background-position:left top;background-repeat:no-repeat;-webkit-background-size:cover;-moz-background-size:cover;-o-background-size:cover;background-size:cover;padding: 0px 0px 0px 0px;\"><div class=\"woocommerce columns-4\"><ul class=\"products clearfix products-4\">\n<li class=\"product-category product first product-grid-view\">\n\t<div class=\"fusion-product-wrapper\">\n<a aria-label=\"Visit product category Embrasses Prima\" href=\"https:\/\/altrodesign.ca\/fr\/categorie-produit\/prima-fr\/prima-holdbacks-fr\/\"><img decoding=\"async\" src=\"https:\/\/altrodesign.ca\/wp-content\/uploads\/2022\/01\/PRIMA-HOLDBACKS-500x647.jpg\" alt=\"Embrasses Prima\" width=\"500\" height=\"\" srcset=\"https:\/\/altrodesign.ca\/wp-content\/uploads\/2022\/01\/PRIMA-HOLDBACKS-200x259.jpg 200w, https:\/\/altrodesign.ca\/wp-content\/uploads\/2022\/01\/PRIMA-HOLDBACKS-232x300.jpg 232w, https:\/\/altrodesign.ca\/wp-content\/uploads\/2022\/01\/PRIMA-HOLDBACKS-400x517.jpg 400w, https:\/\/altrodesign.ca\/wp-content\/uploads\/2022\/01\/PRIMA-HOLDBACKS-500x647.jpg 500w, https:\/\/altrodesign.ca\/wp-content\/uploads\/2022\/01\/PRIMA-HOLDBACKS-600x776.jpg 600w, https:\/\/altrodesign.ca\/wp-content\/uploads\/2022\/01\/PRIMA-HOLDBACKS.jpg 613w\" sizes=\"(max-width: 500px) 100vw, 500px\" \/>\t\t<h2 class=\"woocommerce-loop-category__title\">\n\t\t\tEmbrasses Prima <mark class=\"count\">(8)<\/mark>\t\t<\/h2>\n\t\t<\/a><\/div>\n<\/li>\n<li class=\"product-category product product-grid-view\">\n\t<div class=\"fusion-product-wrapper\">\n<a aria-label=\"Visit product category Prima 1 3\/8&quot;\" href=\"https:\/\/altrodesign.ca\/fr\/categorie-produit\/prima-fr\/prima-1-3-8-fr\/\"><img decoding=\"async\" src=\"https:\/\/altrodesign.ca\/wp-content\/uploads\/2022\/01\/PRIMA-1-500x647.jpg\" alt=\"Prima 1 3\/8&quot;\" width=\"500\" height=\"\" srcset=\"https:\/\/altrodesign.ca\/wp-content\/uploads\/2022\/01\/PRIMA-1-200x259.jpg 200w, https:\/\/altrodesign.ca\/wp-content\/uploads\/2022\/01\/PRIMA-1-232x300.jpg 232w, https:\/\/altrodesign.ca\/wp-content\/uploads\/2022\/01\/PRIMA-1-400x517.jpg 400w, https:\/\/altrodesign.ca\/wp-content\/uploads\/2022\/01\/PRIMA-1-500x647.jpg 500w, https:\/\/altrodesign.ca\/wp-content\/uploads\/2022\/01\/PRIMA-1-600x776.jpg 600w, https:\/\/altrodesign.ca\/wp-content\/uploads\/2022\/01\/PRIMA-1-700x905.jpg 700w, https:\/\/altrodesign.ca\/wp-content\/uploads\/2022\/01\/PRIMA-1-768x993.jpg 768w, https:\/\/altrodesign.ca\/wp-content\/uploads\/2022\/01\/PRIMA-1-792x1024.jpg 792w, https:\/\/altrodesign.ca\/wp-content\/uploads\/2022\/01\/PRIMA-1-800x1035.jpg 800w, https:\/\/altrodesign.ca\/wp-content\/uploads\/2022\/01\/PRIMA-1.jpg 900w\" sizes=\"(max-width: 500px) 100vw, 500px\" \/>\t\t<h2 class=\"woocommerce-loop-category__title\">\n\t\t\tPrima 1 3\/8&quot; <mark class=\"count\">(26)<\/mark>\t\t<\/h2>\n\t\t<\/a><\/div>\n<\/li>\n<li class=\"product-category product product-grid-view\">\n\t<div class=\"fusion-product-wrapper\">\n<a aria-label=\"Visit product category Prima 2 1\/4&quot;\" href=\"https:\/\/altrodesign.ca\/fr\/categorie-produit\/prima-fr\/prima-2-1-4-fr\/\"><img decoding=\"async\" src=\"https:\/\/altrodesign.ca\/wp-content\/uploads\/2022\/01\/PRIMA-2-1-500x647.jpg\" alt=\"Prima 2 1\/4&quot;\" width=\"500\" height=\"\" srcset=\"https:\/\/altrodesign.ca\/wp-content\/uploads\/2022\/01\/PRIMA-2-1-200x259.jpg 200w, https:\/\/altrodesign.ca\/wp-content\/uploads\/2022\/01\/PRIMA-2-1-232x300.jpg 232w, https:\/\/altrodesign.ca\/wp-content\/uploads\/2022\/01\/PRIMA-2-1-400x517.jpg 400w, https:\/\/altrodesign.ca\/wp-content\/uploads\/2022\/01\/PRIMA-2-1-500x647.jpg 500w, https:\/\/altrodesign.ca\/wp-content\/uploads\/2022\/01\/PRIMA-2-1-600x776.jpg 600w, https:\/\/altrodesign.ca\/wp-content\/uploads\/2022\/01\/PRIMA-2-1-700x905.jpg 700w, https:\/\/altrodesign.ca\/wp-content\/uploads\/2022\/01\/PRIMA-2-1-768x993.jpg 768w, https:\/\/altrodesign.ca\/wp-content\/uploads\/2022\/01\/PRIMA-2-1-792x1024.jpg 792w, https:\/\/altrodesign.ca\/wp-content\/uploads\/2022\/01\/PRIMA-2-1-800x1035.jpg 800w, https:\/\/altrodesign.ca\/wp-content\/uploads\/2022\/01\/PRIMA-2-1.jpg 900w\" sizes=\"(max-width: 500px) 100vw, 500px\" \/>\t\t<h2 class=\"woocommerce-loop-category__title\">\n\t\t\tPrima 2 1\/4&quot; <mark class=\"count\">(26)<\/mark>\t\t<\/h2>\n\t\t<\/a><\/div>\n<\/li>\n<li class=\"product-category product last product-grid-view\">\n\t<div class=\"fusion-product-wrapper\">\n<a aria-label=\"Visit product category Prima fer 1 3\/8&quot;\" href=\"https:\/\/altrodesign.ca\/fr\/categorie-produit\/prima-fr\/prima-iron-1-38-fr\/\"><img decoding=\"async\" src=\"https:\/\/altrodesign.ca\/wp-content\/uploads\/2022\/01\/PRIMA-IRON-1-500x646.jpg\" alt=\"Prima fer 1 3\/8&quot;\" width=\"500\" height=\"\" srcset=\"https:\/\/altrodesign.ca\/wp-content\/uploads\/2022\/01\/PRIMA-IRON-1-200x258.jpg 200w, https:\/\/altrodesign.ca\/wp-content\/uploads\/2022\/01\/PRIMA-IRON-1-232x300.jpg 232w, https:\/\/altrodesign.ca\/wp-content\/uploads\/2022\/01\/PRIMA-IRON-1-400x517.jpg 400w, https:\/\/altrodesign.ca\/wp-content\/uploads\/2022\/01\/PRIMA-IRON-1-500x646.jpg 500w, https:\/\/altrodesign.ca\/wp-content\/uploads\/2022\/01\/PRIMA-IRON-1-600x775.jpg 600w, https:\/\/altrodesign.ca\/wp-content\/uploads\/2022\/01\/PRIMA-IRON-1-700x905.jpg 700w, https:\/\/altrodesign.ca\/wp-content\/uploads\/2022\/01\/PRIMA-IRON-1-768x993.jpg 768w, https:\/\/altrodesign.ca\/wp-content\/uploads\/2022\/01\/PRIMA-IRON-1-792x1024.jpg 792w, https:\/\/altrodesign.ca\/wp-content\/uploads\/2022\/01\/PRIMA-IRON-1-800x1034.jpg 800w, https:\/\/altrodesign.ca\/wp-content\/uploads\/2022\/01\/PRIMA-IRON-1.jpg 906w\" sizes=\"(max-width: 500px) 100vw, 500px\" \/>\t\t<h2 class=\"woocommerce-loop-category__title\">\n\t\t\tPrima fer 1 3\/8&quot; <mark class=\"count\">(9)<\/mark>\t\t<\/h2>\n\t\t<\/a><\/div>\n<\/li>\n<\/ul>\n<\/div><\/div><style type=\"text\/css\">.fusion-body .fusion-builder-column-1{width:100% !important;margin-top : 0px;margin-bottom : 20px;}.fusion-builder-column-1 > .fusion-column-wrapper {padding-top : 0px !important;padding-right : 0px !important;margin-right : 1.92%;padding-bottom : 0px !important;padding-left : 0px !important;margin-left : 1.92%;}@media only screen and (max-width:1024px) {.fusion-body .fusion-builder-column-1{width:100% !important;order : 0;}.fusion-builder-column-1 > .fusion-column-wrapper {margin-right : 1.92%;margin-left : 1.92%;}}@media only screen and (max-width:768px) {.fusion-body .fusion-builder-column-1{width:100% !important;order : 0;}.fusion-builder-column-1 > .fusion-column-wrapper {margin-right : 1.92%;margin-left : 1.92%;}}<\/style><\/div><\/div><style type=\"text\/css\">.fusion-body .fusion-flex-container.fusion-builder-row-2{ padding-top : 0px;margin-top : 0px;padding-right : 0px;padding-bottom : 0px;margin-bottom : 0px;padding-left : 0px;}<\/style><\/div><\/p>\n","protected":false},"excerpt":{"rendered":"","protected":false},"author":2,"featured_media":0,"parent":0,"menu_order":0,"comment_status":"closed","ping_status":"closed","template":"","meta":{"footnotes":""},"class_list":["post-3064","page","type-page","status-publish","hentry"],"yoast_head":"<!-- This site is optimized with the Yoast SEO plugin v25.4 - https:\/\/yoast.com\/wordpress\/plugins\/seo\/ -->\n<title>Prima - Altro Design<\/title>\n<meta name=\"robots\" content=\"index, follow, max-snippet:-1, max-image-preview:large, max-video-preview:-1\" \/>\n<link rel=\"canonical\" href=\"https:\/\/altrodesign.ca\/fr\/prima\/\" \/>\n<meta property=\"og:locale\" content=\"fr_FR\" \/>\n<meta property=\"og:type\" content=\"article\" \/>\n<meta property=\"og:title\" content=\"Prima - Altro Design\" \/>\n<meta property=\"og:url\" content=\"https:\/\/altrodesign.ca\/fr\/prima\/\" \/>\n<meta property=\"og:site_name\" content=\"Altro Design\" \/>\n<meta property=\"article:publisher\" content=\"https:\/\/www.facebook.com\/Altrodesign\" \/>\n<meta property=\"article:modified_time\" content=\"2022-01-06T13:46:43+00:00\" \/>\n<meta property=\"og:image\" content=\"https:\/\/altrodesign.ca\/wp-content\/uploads\/2022\/01\/PRIMA-COLLECTION.png\" \/>\n<meta name=\"twitter:card\" content=\"summary_large_image\" \/>\n<meta name=\"twitter:label1\" content=\"Est. reading time\" \/>\n\t<meta name=\"twitter:data1\" content=\"7 minutes\" \/>\n<script type=\"application\/ld+json\" class=\"yoast-schema-graph\">{\"@context\":\"https:\/\/schema.org\",\"@graph\":[{\"@type\":\"WebPage\",\"@id\":\"https:\/\/altrodesign.ca\/fr\/prima\/\",\"url\":\"https:\/\/altrodesign.ca\/fr\/prima\/\",\"name\":\"Prima - Altro Design\",\"isPartOf\":{\"@id\":\"https:\/\/altrodesign.ca\/fr\/#website\"},\"primaryImageOfPage\":{\"@id\":\"https:\/\/altrodesign.ca\/fr\/prima\/#primaryimage\"},\"image\":{\"@id\":\"https:\/\/altrodesign.ca\/fr\/prima\/#primaryimage\"},\"thumbnailUrl\":\"https:\/\/altrodesign.ca\/wp-content\/uploads\/2022\/01\/PRIMA-COLLECTION.png\",\"datePublished\":\"2021-12-09T06:25:47+00:00\",\"dateModified\":\"2022-01-06T13:46:43+00:00\",\"breadcrumb\":{\"@id\":\"https:\/\/altrodesign.ca\/fr\/prima\/#breadcrumb\"},\"inLanguage\":\"fr-FR\",\"potentialAction\":[{\"@type\":\"ReadAction\",\"target\":[\"https:\/\/altrodesign.ca\/fr\/prima\/\"]}]},{\"@type\":\"ImageObject\",\"inLanguage\":\"fr-FR\",\"@id\":\"https:\/\/altrodesign.ca\/fr\/prima\/#primaryimage\",\"url\":\"https:\/\/altrodesign.ca\/wp-content\/uploads\/2022\/01\/PRIMA-COLLECTION.png\",\"contentUrl\":\"https:\/\/altrodesign.ca\/wp-content\/uploads\/2022\/01\/PRIMA-COLLECTION.png\"},{\"@type\":\"BreadcrumbList\",\"@id\":\"https:\/\/altrodesign.ca\/fr\/prima\/#breadcrumb\",\"itemListElement\":[{\"@type\":\"ListItem\",\"position\":1,\"name\":\"Home\",\"item\":\"https:\/\/altrodesign.ca\/fr\/\"},{\"@type\":\"ListItem\",\"position\":2,\"name\":\"Prima\"}]},{\"@type\":\"WebSite\",\"@id\":\"https:\/\/altrodesign.ca\/fr\/#website\",\"url\":\"https:\/\/altrodesign.ca\/fr\/\",\"name\":\"Altro Design\",\"description\":\"Altro Design drapery hardware wholesaler\",\"publisher\":{\"@id\":\"https:\/\/altrodesign.ca\/fr\/#organization\"},\"potentialAction\":[{\"@type\":\"SearchAction\",\"target\":{\"@type\":\"EntryPoint\",\"urlTemplate\":\"https:\/\/altrodesign.ca\/fr\/?s={search_term_string}\"},\"query-input\":{\"@type\":\"PropertyValueSpecification\",\"valueRequired\":true,\"valueName\":\"search_term_string\"}}],\"inLanguage\":\"fr-FR\"},{\"@type\":\"Organization\",\"@id\":\"https:\/\/altrodesign.ca\/fr\/#organization\",\"name\":\"Altro Designs\",\"url\":\"https:\/\/altrodesign.ca\/fr\/\",\"logo\":{\"@type\":\"ImageObject\",\"inLanguage\":\"fr-FR\",\"@id\":\"https:\/\/altrodesign.ca\/fr\/#\/schema\/logo\/image\/\",\"url\":\"https:\/\/altrodesign.ca\/wp-content\/uploads\/2022\/03\/logo-v2-removebg-preview.png\",\"contentUrl\":\"https:\/\/altrodesign.ca\/wp-content\/uploads\/2022\/03\/logo-v2-removebg-preview.png\",\"width\":289,\"height\":162,\"caption\":\"Altro Designs\"},\"image\":{\"@id\":\"https:\/\/altrodesign.ca\/fr\/#\/schema\/logo\/image\/\"},\"sameAs\":[\"https:\/\/www.facebook.com\/Altrodesign\",\"https:\/\/www.youtube.com\/channel\/UC7__sQ_DwpFbRYPJf3g2blQ\",\"https:\/\/www.instagram.com\/altrodesigninc\/\"]}]}<\/script>\n<!-- \/ Yoast SEO plugin. -->","yoast_head_json":{"title":"Prima - Altro Design","robots":{"index":"index","follow":"follow","max-snippet":"max-snippet:-1","max-image-preview":"max-image-preview:large","max-video-preview":"max-video-preview:-1"},"canonical":"https:\/\/altrodesign.ca\/fr\/prima\/","og_locale":"fr_FR","og_type":"article","og_title":"Prima - Altro Design","og_url":"https:\/\/altrodesign.ca\/fr\/prima\/","og_site_name":"Altro Design","article_publisher":"https:\/\/www.facebook.com\/Altrodesign","article_modified_time":"2022-01-06T13:46:43+00:00","og_image":[{"url":"https:\/\/altrodesign.ca\/wp-content\/uploads\/2022\/01\/PRIMA-COLLECTION.png","type":"","width":"","height":""}],"twitter_card":"summary_large_image","twitter_misc":{"Est. reading time":"7 minutes"},"schema":{"@context":"https:\/\/schema.org","@graph":[{"@type":"WebPage","@id":"https:\/\/altrodesign.ca\/fr\/prima\/","url":"https:\/\/altrodesign.ca\/fr\/prima\/","name":"Prima - Altro Design","isPartOf":{"@id":"https:\/\/altrodesign.ca\/fr\/#website"},"primaryImageOfPage":{"@id":"https:\/\/altrodesign.ca\/fr\/prima\/#primaryimage"},"image":{"@id":"https:\/\/altrodesign.ca\/fr\/prima\/#primaryimage"},"thumbnailUrl":"https:\/\/altrodesign.ca\/wp-content\/uploads\/2022\/01\/PRIMA-COLLECTION.png","datePublished":"2021-12-09T06:25:47+00:00","dateModified":"2022-01-06T13:46:43+00:00","breadcrumb":{"@id":"https:\/\/altrodesign.ca\/fr\/prima\/#breadcrumb"},"inLanguage":"fr-FR","potentialAction":[{"@type":"ReadAction","target":["https:\/\/altrodesign.ca\/fr\/prima\/"]}]},{"@type":"ImageObject","inLanguage":"fr-FR","@id":"https:\/\/altrodesign.ca\/fr\/prima\/#primaryimage","url":"https:\/\/altrodesign.ca\/wp-content\/uploads\/2022\/01\/PRIMA-COLLECTION.png","contentUrl":"https:\/\/altrodesign.ca\/wp-content\/uploads\/2022\/01\/PRIMA-COLLECTION.png"},{"@type":"BreadcrumbList","@id":"https:\/\/altrodesign.ca\/fr\/prima\/#breadcrumb","itemListElement":[{"@type":"ListItem","position":1,"name":"Home","item":"https:\/\/altrodesign.ca\/fr\/"},{"@type":"ListItem","position":2,"name":"Prima"}]},{"@type":"WebSite","@id":"https:\/\/altrodesign.ca\/fr\/#website","url":"https:\/\/altrodesign.ca\/fr\/","name":"Altro Design","description":"Altro Design drapery hardware wholesaler","publisher":{"@id":"https:\/\/altrodesign.ca\/fr\/#organization"},"potentialAction":[{"@type":"SearchAction","target":{"@type":"EntryPoint","urlTemplate":"https:\/\/altrodesign.ca\/fr\/?s={search_term_string}"},"query-input":{"@type":"PropertyValueSpecification","valueRequired":true,"valueName":"search_term_string"}}],"inLanguage":"fr-FR"},{"@type":"Organization","@id":"https:\/\/altrodesign.ca\/fr\/#organization","name":"Altro Designs","url":"https:\/\/altrodesign.ca\/fr\/","logo":{"@type":"ImageObject","inLanguage":"fr-FR","@id":"https:\/\/altrodesign.ca\/fr\/#\/schema\/logo\/image\/","url":"https:\/\/altrodesign.ca\/wp-content\/uploads\/2022\/03\/logo-v2-removebg-preview.png","contentUrl":"https:\/\/altrodesign.ca\/wp-content\/uploads\/2022\/03\/logo-v2-removebg-preview.png","width":289,"height":162,"caption":"Altro Designs"},"image":{"@id":"https:\/\/altrodesign.ca\/fr\/#\/schema\/logo\/image\/"},"sameAs":["https:\/\/www.facebook.com\/Altrodesign","https:\/\/www.youtube.com\/channel\/UC7__sQ_DwpFbRYPJf3g2blQ","https:\/\/www.instagram.com\/altrodesigninc\/"]}]}},"_links":{"self":[{"href":"https:\/\/altrodesign.ca\/fr\/wp-json\/wp\/v2\/pages\/3064","targetHints":{"allow":["GET"]}}],"collection":[{"href":"https:\/\/altrodesign.ca\/fr\/wp-json\/wp\/v2\/pages"}],"about":[{"href":"https:\/\/altrodesign.ca\/fr\/wp-json\/wp\/v2\/types\/page"}],"author":[{"embeddable":true,"href":"https:\/\/altrodesign.ca\/fr\/wp-json\/wp\/v2\/users\/2"}],"replies":[{"embeddable":true,"href":"https:\/\/altrodesign.ca\/fr\/wp-json\/wp\/v2\/comments?post=3064"}],"version-history":[{"count":0,"href":"https:\/\/altrodesign.ca\/fr\/wp-json\/wp\/v2\/pages\/3064\/revisions"}],"wp:attachment":[{"href":"https:\/\/altrodesign.ca\/fr\/wp-json\/wp\/v2\/media?parent=3064"}],"curies":[{"name":"wp","href":"https:\/\/api.w.org\/{rel}","templated":true}]}}